{"id":1203,"date":"2024-04-30T11:32:20","date_gmt":"2024-04-30T11:32:20","guid":{"rendered":"https:\/\/monumentobarcelona.com\/privacy-policy\/"},"modified":"2026-01-20T11:10:39","modified_gmt":"2026-01-20T11:10:39","slug":"privacy-policy","status":"publish","type":"page","link":"https:\/\/monumentobarcelona.com\/es\/privacy-policy\/","title":{"rendered":"Pol\u00edtica de privacidad"},"content":{"rendered":"[vc_row type=\u00bbin_container\u00bb full_screen_row_position=\u00bbmiddle\u00bb column_margin=\u00bbnone\u00bb column_direction=\u00bbdefault\u00bb column_direction_tablet=\u00bbdefault\u00bb column_direction_phone=\u00bbdefault\u00bb scene_position=\u00bbcenter\u00bb text_color=\u00bbdark\u00bb text_align=\u00bbleft\u00bb row_border_radius=\u00bbnone\u00bb row_border_radius_applies=\u00bbbg\u00bb overflow=\u00bbvisible\u00bb class=\u00bbBottomSpace\u00bb overlay_strength=\u00bb0.3&#8243; gradient_direction=\u00bbleft_to_right\u00bb shape_divider_position=\u00bbbottom\u00bb bg_image_animation=\u00bbnone\u00bb gradient_type=\u00bbdefault\u00bb shape_type=\u00bb\u00bb][vc_column column_padding=\u00bbno-extra-padding\u00bb column_padding_tablet=\u00bbinherit\u00bb column_padding_phone=\u00bbinherit\u00bb column_padding_position=\u00bball\u00bb column_element_direction_desktop=\u00bbdefault\u00bb column_element_spacing=\u00bbdefault\u00bb desktop_text_alignment=\u00bbdefault\u00bb tablet_text_alignment=\u00bbdefault\u00bb phone_text_alignment=\u00bbdefault\u00bb background_color_opacity=\u00bb1&#8243; background_hover_color_opacity=\u00bb1&#8243; column_backdrop_filter=\u00bbnone\u00bb column_shadow=\u00bbnone\u00bb column_border_radius=\u00bbnone\u00bb column_link_target=\u00bb_self\u00bb column_position=\u00bbdefault\u00bb gradient_direction=\u00bbleft_to_right\u00bb overlay_strength=\u00bb0.3&#8243; width=\u00bb1\/1&#8243; tablet_width_inherit=\u00bbdefault\u00bb animation_type=\u00bbdefault\u00bb bg_image_animation=\u00bbnone\u00bb border_type=\u00bbsimple\u00bb column_border_width=\u00bbnone\u00bb column_border_style=\u00bbsolid\u00bb][nectar_responsive_text font_size_min=\u00bb24&#8243; font_size_max=\u00bb40&#8243; text_color=\u00bb#557d49&#8243; font_size_desktop=\u00bb2.67vw\u00bb font_line_height=\u00bb1em\u00bb class_name=\u00bbtitular_legales\u00bb]\n<h2><span class=\"ls200\">Pol\u00edtica de privacidad<\/span><\/h2>\n[\/nectar_responsive_text][vc_column_text max_width=\u00bb960&#8243;]\n<h3 class=\"inm_titulo_placeholder\">1. Protecci\u00f3n de datos y Grupo INMOCAIXA<\/h3>\n<p>Las empresas que conforman el Grupo INMOCAIXA est\u00e1n plenamente comprometidas con el cumplimiento de la normativa en vigor y Reglamento General de Protecci\u00f3n de Datos de la Uni\u00f3n Europea y la normativa relativa a la protecci\u00f3n de datos de car\u00e1cter personal vigente en cada momento, siendo un objetivo prioritario.<\/p>\n<p>Le informamos que sus datos personales se incorporar\u00e1n a una \u00fanica base de datos cuyo responsable es Grupo INMOCAIXA, que est\u00e1 conformado por las siguientes empresas: INMO CRITERIA CAIXA S.A.U, (NIF A63346290), INMO CRITERIA ARRENDAMIENTO,S.L.U. (NIF B63343172) e INMO CRITERIA PATRIMONIO (NIF B67300533), pertenecientes al sector inmobiliario, todas ellas con domicilio en c\/Berl\u00edn 38-48, planta 7\u00aa, 08029 de Barcelona y en conjunto conforman Grupo INMOCAIXA. Grupo INMOCAIXA se coordina desde las referidas instalaciones, donde se centralizan los sistemas y servicios de las citadas Compa\u00f1\u00edas, para ser gestionados de forma unificada. Por ello, a pesar de existir varios responsables, el fichero donde se albergar\u00e1n sus datos personales se tratar\u00e1 internamente como una \u00fanica base de datos respecto a la que podr\u00e1 ejercitar los derechos descritos a continuaci\u00f3n.<\/p>\n<p>Le informamos que sus datos no ser\u00e1n cedidos, vendidos, alquilados o puestos a su disposici\u00f3n de ninguna otra forma a ning\u00fan tercero, salvo a aquellas empresas que resulte necesario para la ejecuci\u00f3n del tratamiento y a aquellos proveedores de servicios de Grupo INMOCAIXA quienes realizan determinadas actividades para las compa\u00f1\u00edas que lo conforman (como por ejemplo, el env\u00edo de las comunicaciones, proveedores de servicios inform\u00e1ticos, etc), pero en ning\u00fan caso para sus finalidades propias.<\/p>\n<p>&nbsp;<\/p>\n<h3 class=\"inm_titulo_placeholder\">2. Finalidades de los tratamientos<\/h3>\n<p>Sus datos personales ser\u00e1n tratados por Grupo INMOCAIXA de forma confidencial y para las siguientes finalidades:<\/p>\n<p>Tramitar su petici\u00f3n de contacto en relaci\u00f3n con el inmueble, local o promoci\u00f3n solicitados, as\u00ed como remitirle, en su caso, informaci\u00f3n en relaci\u00f3n con dicha petici\u00f3n.<\/p>\n<p>Remitirle informaci\u00f3n sobre los productos y servicios ofrecidos por las empresas que conforman Grupo INMOCAIXA a trav\u00e9s de, entre otros, medios electr\u00f3nicos, en caso de que as\u00ed nos haya autorizado.<\/p>\n<p>Le informamos que en algunas ocasiones puede ser necesario el tratamiento de sus datos personales para dar cumplimiento a obligaciones legales, o en relaci\u00f3n con cualquier relaci\u00f3n contractual que podamos tener con Vd.<\/p>\n<p>En los dem\u00e1s supuestos, y siempre que sea oportuno le solicitaremos su consentimiento para tratar sus datos personales.<\/p>\n<p>&nbsp;<\/p>\n<h3 class=\"inm_titulo_placeholder\">3. Conservation periods<\/h3>\n<p>Sus datos se conservar\u00e1n durante el plazo establecido en el cuadro que se muestra a continuaci\u00f3n, sin perjuicio de su conservaci\u00f3n y mantenimiento bajo el debido bloqueo para su puesta a disposici\u00f3n de las Autoridades con competencia en las distintas materias que sean de aplicaci\u00f3n.<\/p>\n<div class=\"row\">\n<div class=\"col-lg-6 col-xl-6\">\n<p><strong>Tratamiento<\/strong><\/p>\n<p>Tramitar su petici\u00f3n de contacto en relaci\u00f3n con el inmueble, local o promoci\u00f3n solicitado, as\u00ed como remitirle, en su caso, informaci\u00f3n en relaci\u00f3n con dicha petici\u00f3n.<\/p>\n<p>Remitirle informaci\u00f3n sobre los productos y servicios ofrecidos por las empresas que conforman Grupo INMO, en caso de que as\u00ed nos haya autorizado.<\/p>\n<\/div>\n<div class=\"col-lg-6 col-xl-6\">\n<p><strong>C\u00f3mo determinamos el plazo de conservaci\u00f3n de sus datos<\/strong><\/p>\n<p>Conservaremos sus datos mientras que Vd. no revoque el consentimiento al tratamiento o el inmueble local o promoci\u00f3n sobre el que ha planteado su petici\u00f3n ya no est\u00e9 disponible.<\/p>\n<p>Conservaremos sus datos mientras que Vd. no revoque el consentimiento al tratamiento.<\/p>\n<p>&nbsp;<\/p>\n<\/div>\n<\/div>\n<h3 class=\"inm_titulo_placeholder\">4. Ejercicio de derechos y reclamaciones ante la autoridad competente en materia de protecci\u00f3n de datos<\/h3>\n<p>Como consecuencia del tratamiento de sus datos personales por parte de Grupo INMOCAIXA, la legislaci\u00f3n vigente le otorga una serie de derechos.<\/p>\n<p>En este sentido, el Grupo INMOCAIXA le informa que podr\u00e1 ejercitar sus derechos de acceso, rectificaci\u00f3n, supresi\u00f3n, limitaci\u00f3n del tratamiento, portabilidad de los datos y oposici\u00f3n, as\u00ed como revocar su consentimiento a todos o alguno de los tratamientos, enviando un correo electr\u00f3nico a\u00a0<a href=\"mailto:protecciondatos@inmocaixa.com\">protecciondatos@inmocaixa.com<\/a>\u00a0o bien dirigiendo su solicitud por escrito con la referencia \u201cDatos Personales\u201d a c\/Berl\u00edn 38-48, planta 7\u00aa, 08029 de Barcelona.<\/p>\n<p>Asimismo, en caso de que no quiera ejercer un derecho en concreto, pero tenga la necesidad de realizar una consulta o sugerencia en relaci\u00f3n con el tratamiento de sus datos de car\u00e1cter personal tambi\u00e9n podr\u00e1 dirigirse a las direcciones facilitadas para el ejercicio de los derechos.<\/p>\n<p>Por otro lado, Grupo INMOCAIXA le informa que Vd. tiene derecho a presentar una reclamaci\u00f3n ante la Agencia Espa\u00f1ola de Protecci\u00f3n de Datos (AEPD), autoridad competente en materia de protecci\u00f3n de datos.<\/p>\n<p>&nbsp;<\/p>\n<h3 class=\"inm_titulo_placeholder\">5. Confidencialidad y Seguridad en el tratamiento de datos<\/h3>\n<p>La informaci\u00f3n recibida por Grupo INMOCAIXA a trav\u00e9s de la presente p\u00e1gina Web ser\u00e1 tratada con la m\u00e1xima reserva y confidencialidad.<\/p>\n<p>Asimismo, Grupo INMOCAIXA declara y garantiza que ha establecido todos los medios t\u00e9cnicos a su alcance para evitar la p\u00e9rdida, mal uso, alteraci\u00f3n, acceso no autorizado y robo de los datos facilitados por los usuarios, sin perjuicio de informar que las medidas de seguridad en Internet no son inexpugnables.[\/vc_column_text][\/vc_column][\/vc_row]\n","protected":false},"excerpt":{"rendered":"<p>[vc_row type=\u00bbin_container\u00bb full_screen_row_position=\u00bbmiddle\u00bb column_margin=\u00bbnone\u00bb column_direction=\u00bbdefault\u00bb column_direction_tablet=\u00bbdefault\u00bb column_direction_phone=\u00bbdefault\u00bb scene_position=\u00bbcenter\u00bb text_color=\u00bbdark\u00bb text_align=\u00bbleft\u00bb row_border_radius=\u00bbnone\u00bb row_border_radius_applies=\u00bbbg\u00bb overflow=\u00bbvisible\u00bb class=\u00bbBottomSpace\u00bb overlay_strength=\u00bb0.3&#8243; gradient_direction=\u00bbleft_to_right\u00bb shape_divider_position=\u00bbbottom\u00bb bg_image_animation=\u00bbnone\u00bb gradient_type=\u00bbdefault\u00bb shape_type=\u00bb\u00bb][vc_column column_padding=\u00bbno-extra-padding\u00bb column_padding_tablet=\u00bbinherit\u00bb column_padding_phone=\u00bbinherit\u00bb column_padding_position=\u00bball\u00bb column_element_direction_desktop=\u00bbdefault\u00bb column_element_spacing=\u00bbdefault\u00bb desktop_text_alignment=\u00bbdefault\u00bb tablet_text_alignment=\u00bbdefault\u00bb phone_text_alignment=\u00bbdefault\u00bb background_color_opacity=\u00bb1&#8243;&#8230;<\/p>\n","protected":false},"author":1,"featured_media":0,"parent":0,"menu_order":0,"comment_status":"closed","ping_status":"open","template":"","meta":{"inline_featured_image":false,"footnotes":""},"class_list":["post-1203","page","type-page","status-publish"],"yoast_head":"<!-- This site is optimized with the Yoast SEO plugin v27.3 - https:\/\/yoast.com\/product\/yoast-seo-wordpress\/ -->\n<title>Pol\u00edtica de privacidad - Monumento Barcelona | Oficinas en el Eixample<\/title>\n<meta name=\"description\" content=\"Consulta la pol\u00edtica de privacidad de MONUMENTO Barcelona para conocer c\u00f3mo protegemos tus datos personales y tus derechos sobre ellos.\" \/>\n<meta name=\"robots\" content=\"index, follow, max-snippet:-1, max-image-preview:large, max-video-preview:-1\" \/>\n<link rel=\"canonical\" href=\"https:\/\/monumentobarcelona.com\/es\/privacy-policy\/\" \/>\n<meta property=\"og:locale\" content=\"es_ES\" \/>\n<meta property=\"og:type\" content=\"article\" \/>\n<meta property=\"og:title\" content=\"Pol\u00edtica de privacidad - Monumento Barcelona | Oficinas en el Eixample\" \/>\n<meta property=\"og:description\" content=\"Consulta la pol\u00edtica de privacidad de MONUMENTO Barcelona para conocer c\u00f3mo protegemos tus datos personales y tus derechos sobre ellos.\" \/>\n<meta property=\"og:url\" content=\"https:\/\/monumentobarcelona.com\/es\/privacy-policy\/\" \/>\n<meta property=\"og:site_name\" content=\"Monumento Barcelona\" \/>\n<meta property=\"article:modified_time\" content=\"2026-01-20T11:10:39+00:00\" \/>\n<meta name=\"twitter:card\" content=\"summary_large_image\" \/>\n<meta name=\"twitter:label1\" content=\"Tiempo de lectura\" \/>\n\t<meta name=\"twitter:data1\" content=\"4 minutos\" \/>\n<script type=\"application\/ld+json\" class=\"yoast-schema-graph\">{\"@context\":\"https:\\\/\\\/schema.org\",\"@graph\":[{\"@type\":\"WebPage\",\"@id\":\"https:\\\/\\\/monumentobarcelona.com\\\/es\\\/privacy-policy\\\/\",\"url\":\"https:\\\/\\\/monumentobarcelona.com\\\/es\\\/privacy-policy\\\/\",\"name\":\"Pol\u00edtica de privacidad - Monumento Barcelona | Oficinas en el Eixample\",\"isPartOf\":{\"@id\":\"https:\\\/\\\/monumentobarcelona.com\\\/es\\\/#website\"},\"datePublished\":\"2024-04-30T11:32:20+00:00\",\"dateModified\":\"2026-01-20T11:10:39+00:00\",\"description\":\"Consulta la pol\u00edtica de privacidad de MONUMENTO Barcelona para conocer c\u00f3mo protegemos tus datos personales y tus derechos sobre ellos.\",\"breadcrumb\":{\"@id\":\"https:\\\/\\\/monumentobarcelona.com\\\/es\\\/privacy-policy\\\/#breadcrumb\"},\"inLanguage\":\"es\",\"potentialAction\":[{\"@type\":\"ReadAction\",\"target\":[\"https:\\\/\\\/monumentobarcelona.com\\\/es\\\/privacy-policy\\\/\"]}]},{\"@type\":\"BreadcrumbList\",\"@id\":\"https:\\\/\\\/monumentobarcelona.com\\\/es\\\/privacy-policy\\\/#breadcrumb\",\"itemListElement\":[{\"@type\":\"ListItem\",\"position\":1,\"name\":\"Home\",\"item\":\"https:\\\/\\\/monumentobarcelona.com\\\/es\\\/\"},{\"@type\":\"ListItem\",\"position\":2,\"name\":\"Pol\u00edtica de privacidad\"}]},{\"@type\":\"WebSite\",\"@id\":\"https:\\\/\\\/monumentobarcelona.com\\\/es\\\/#website\",\"url\":\"https:\\\/\\\/monumentobarcelona.com\\\/es\\\/\",\"name\":\"Monumento Barcelona\",\"description\":\"\",\"potentialAction\":[{\"@type\":\"SearchAction\",\"target\":{\"@type\":\"EntryPoint\",\"urlTemplate\":\"https:\\\/\\\/monumentobarcelona.com\\\/es\\\/?s={search_term_string}\"},\"query-input\":{\"@type\":\"PropertyValueSpecification\",\"valueRequired\":true,\"valueName\":\"search_term_string\"}}],\"inLanguage\":\"es\"}]}<\/script>\n<!-- \/ Yoast SEO plugin. -->","yoast_head_json":{"title":"Pol\u00edtica de privacidad - Monumento Barcelona | Oficinas en el Eixample","description":"Consulta la pol\u00edtica de privacidad de MONUMENTO Barcelona para conocer c\u00f3mo protegemos tus datos personales y tus derechos sobre ellos.","robots":{"index":"index","follow":"follow","max-snippet":"max-snippet:-1","max-image-preview":"max-image-preview:large","max-video-preview":"max-video-preview:-1"},"canonical":"https:\/\/monumentobarcelona.com\/es\/privacy-policy\/","og_locale":"es_ES","og_type":"article","og_title":"Pol\u00edtica de privacidad - Monumento Barcelona | Oficinas en el Eixample","og_description":"Consulta la pol\u00edtica de privacidad de MONUMENTO Barcelona para conocer c\u00f3mo protegemos tus datos personales y tus derechos sobre ellos.","og_url":"https:\/\/monumentobarcelona.com\/es\/privacy-policy\/","og_site_name":"Monumento Barcelona","article_modified_time":"2026-01-20T11:10:39+00:00","twitter_card":"summary_large_image","twitter_misc":{"Tiempo de lectura":"4 minutos"},"schema":{"@context":"https:\/\/schema.org","@graph":[{"@type":"WebPage","@id":"https:\/\/monumentobarcelona.com\/es\/privacy-policy\/","url":"https:\/\/monumentobarcelona.com\/es\/privacy-policy\/","name":"Pol\u00edtica de privacidad - Monumento Barcelona | Oficinas en el Eixample","isPartOf":{"@id":"https:\/\/monumentobarcelona.com\/es\/#website"},"datePublished":"2024-04-30T11:32:20+00:00","dateModified":"2026-01-20T11:10:39+00:00","description":"Consulta la pol\u00edtica de privacidad de MONUMENTO Barcelona para conocer c\u00f3mo protegemos tus datos personales y tus derechos sobre ellos.","breadcrumb":{"@id":"https:\/\/monumentobarcelona.com\/es\/privacy-policy\/#breadcrumb"},"inLanguage":"es","potentialAction":[{"@type":"ReadAction","target":["https:\/\/monumentobarcelona.com\/es\/privacy-policy\/"]}]},{"@type":"BreadcrumbList","@id":"https:\/\/monumentobarcelona.com\/es\/privacy-policy\/#breadcrumb","itemListElement":[{"@type":"ListItem","position":1,"name":"Home","item":"https:\/\/monumentobarcelona.com\/es\/"},{"@type":"ListItem","position":2,"name":"Pol\u00edtica de privacidad"}]},{"@type":"WebSite","@id":"https:\/\/monumentobarcelona.com\/es\/#website","url":"https:\/\/monumentobarcelona.com\/es\/","name":"Monumento Barcelona","description":"","potentialAction":[{"@type":"SearchAction","target":{"@type":"EntryPoint","urlTemplate":"https:\/\/monumentobarcelona.com\/es\/?s={search_term_string}"},"query-input":{"@type":"PropertyValueSpecification","valueRequired":true,"valueName":"search_term_string"}}],"inLanguage":"es"}]}},"_links":{"self":[{"href":"https:\/\/monumentobarcelona.com\/es\/wp-json\/wp\/v2\/pages\/1203","targetHints":{"allow":["GET"]}}],"collection":[{"href":"https:\/\/monumentobarcelona.com\/es\/wp-json\/wp\/v2\/pages"}],"about":[{"href":"https:\/\/monumentobarcelona.com\/es\/wp-json\/wp\/v2\/types\/page"}],"author":[{"embeddable":true,"href":"https:\/\/monumentobarcelona.com\/es\/wp-json\/wp\/v2\/users\/1"}],"replies":[{"embeddable":true,"href":"https:\/\/monumentobarcelona.com\/es\/wp-json\/wp\/v2\/comments?post=1203"}],"version-history":[{"count":9,"href":"https:\/\/monumentobarcelona.com\/es\/wp-json\/wp\/v2\/pages\/1203\/revisions"}],"predecessor-version":[{"id":2479,"href":"https:\/\/monumentobarcelona.com\/es\/wp-json\/wp\/v2\/pages\/1203\/revisions\/2479"}],"wp:attachment":[{"href":"https:\/\/monumentobarcelona.com\/es\/wp-json\/wp\/v2\/media?parent=1203"}],"curies":[{"name":"wp","href":"https:\/\/api.w.org\/{rel}","templated":true}]}}