{"id":1093,"date":"2024-05-11T17:19:35","date_gmt":"2024-05-11T17:19:35","guid":{"rendered":"https:\/\/monumentobarcelona.com\/availability\/"},"modified":"2026-01-29T10:08:59","modified_gmt":"2026-01-29T10:08:59","slug":"disponibilidad","status":"publish","type":"page","link":"https:\/\/monumentobarcelona.com\/es\/disponibilidad\/","title":{"rendered":"Disponibilidad"},"content":{"rendered":"[vc_row type=\u00bbfull_width_background\u00bb full_screen_row_position=\u00bbmiddle\u00bb column_margin=\u00bbdefault\u00bb column_direction=\u00bbdefault\u00bb column_direction_tablet=\u00bbdefault\u00bb column_direction_phone=\u00bbdefault\u00bb bg_color=\u00bb#ffffff\u00bb scene_position=\u00bbcenter\u00bb top_padding=\u00bb0&#8243; bottom_padding=\u00bb0&#8243; top_margin=\u00bb0&#8243; bottom_margin=\u00bb0&#8243; text_color=\u00bbdark\u00bb text_align=\u00bbcenter\u00bb row_border_radius=\u00bbnone\u00bb row_border_radius_applies=\u00bbbg\u00bb overflow=\u00bbvisible\u00bb class=\u00bbTopBottomSpace\u00bb overlay_strength=\u00bb0.3&#8243; gradient_direction=\u00bbleft_to_right\u00bb shape_divider_position=\u00bbbottom\u00bb bg_image_animation=\u00bbnone\u00bb shape_type=\u00bb\u00bb gradient_type=\u00bbdefault\u00bb][vc_column column_padding=\u00bbno-extra-padding\u00bb column_padding_tablet=\u00bbinherit\u00bb column_padding_phone=\u00bbinherit\u00bb column_padding_position=\u00bball\u00bb column_element_direction_desktop=\u00bbdefault\u00bb column_element_spacing=\u00bbdefault\u00bb desktop_text_alignment=\u00bbdefault\u00bb tablet_text_alignment=\u00bbdefault\u00bb phone_text_alignment=\u00bbdefault\u00bb background_color_opacity=\u00bb1&#8243; background_hover_color_opacity=\u00bb1&#8243; column_backdrop_filter=\u00bbnone\u00bb column_shadow=\u00bbnone\u00bb column_border_radius=\u00bbnone\u00bb column_link_target=\u00bb_self\u00bb column_position=\u00bbdefault\u00bb gradient_direction=\u00bbleft_to_right\u00bb overlay_strength=\u00bb0.3&#8243; width=\u00bb1\/1&#8243; tablet_width_inherit=\u00bbdefault\u00bb animation_type=\u00bbdefault\u00bb enable_animation=\u00bbtrue\u00bb animation=\u00bbfade-in-from-bottom\u00bb animation_easing=\u00bbdefault\u00bb bg_image_animation=\u00bbnone\u00bb border_type=\u00bbsimple\u00bb column_border_width=\u00bbnone\u00bb column_border_style=\u00bbsolid\u00bb column_padding_type=\u00bbdefault\u00bb gradient_type=\u00bbdefault\u00bb delay=\u00bb200&#8243;][vc_row_inner column_margin=\u00bbdefault\u00bb column_direction=\u00bbdefault\u00bb column_direction_tablet=\u00bbdefault\u00bb column_direction_phone=\u00bbdefault\u00bb text_align=\u00bbleft\u00bb row_position=\u00bbdefault\u00bb row_position_tablet=\u00bbinherit\u00bb row_position_phone=\u00bbinherit\u00bb overflow=\u00bbvisible\u00bb pointer_events=\u00bball\u00bb class=\u00bbAvailability\u00bb][vc_column_inner column_padding=\u00bbno-extra-padding\u00bb column_padding_tablet=\u00bbinherit\u00bb column_padding_phone=\u00bbinherit\u00bb column_padding_position=\u00bball\u00bb column_element_direction_desktop=\u00bbdefault\u00bb column_element_spacing=\u00bbdefault\u00bb desktop_text_alignment=\u00bbdefault\u00bb tablet_text_alignment=\u00bbdefault\u00bb phone_text_alignment=\u00bbdefault\u00bb background_color_opacity=\u00bb1&#8243; background_hover_color_opacity=\u00bb1&#8243; column_backdrop_filter=\u00bbnone\u00bb column_shadow=\u00bbnone\u00bb column_border_radius=\u00bbnone\u00bb column_link_target=\u00bb_self\u00bb overflow=\u00bbvisible\u00bb gradient_direction=\u00bbleft_to_right\u00bb overlay_strength=\u00bb0.3&#8243; width=\u00bb1\/1&#8243; tablet_width_inherit=\u00bbdefault\u00bb animation_type=\u00bbdefault\u00bb bg_image_animation=\u00bbnone\u00bb border_type=\u00bbsimple\u00bb column_border_width=\u00bbnone\u00bb column_border_style=\u00bbsolid\u00bb column_padding_type=\u00bbdefault\u00bb gradient_type=\u00bbdefault\u00bb][nectar_responsive_text font_size_min=\u00bb30&#8243; font_size_max=\u00bb70&#8243; text_color=\u00bb#557d49&#8243; font_size_desktop=\u00bb3.67vw\u00bb font_line_height=\u00bb1em\u00bb class_name=\u00bbtitularH2&#8243;]\n<h2>DISPONIBILIDAD<\/h2>\n[\/nectar_responsive_text][vc_column_text css=\u00bb.vc_custom_1769073984398{margin-bottom: 20px !important;}\u00bb el_class=\u00bbentradillaTitular\u00bb]Quedan espacios disponibles excepcionales en MONUMENTO, el lugar perfecto para trabajar, colaborar y hacer crecer tu negocio. Modernas, luminosas y espaciosas, con una ubicaci\u00f3n privilegiada en el coraz\u00f3n de Barcelona, MONUMENTO ofrece confort, estilo y servicios de hosteler\u00eda de primera clase, adem\u00e1s de un rendimiento inigualable en el bienestar del usuario y la sostenibilidad ambiental.<\/p>\n<p><strong>Descubre hoy los \u00faltimos espacios de MONUMENTO.<\/strong>[\/vc_column_text][\/vc_column_inner][\/vc_row_inner][nectar_btn size=\u00bblarge\u00bb open_new_tab=\u00bbtrue\u00bb button_style=\u00bbsee-through\u00bb button_color_2=\u00bbExtra-Color-2&#8243; color_override=\u00bb#707070&#8243; icon_family=\u00bbnone\u00bb text=\u00bbDESCARGAR PLANOS\u00bb margin_top=\u00bb70&#8243; margin_bottom=\u00bb0&#8243; url=\u00bbhttps:\/\/monumentobarcelona.com\/wp-content\/uploads\/2026\/01\/ES_MONUMENTO-PLANOS_compressed.pdf\u00bb][\/vc_column][\/vc_row][vc_row type=\u00bbfull_width_background\u00bb full_screen_row_position=\u00bbmiddle\u00bb column_margin=\u00bbdefault\u00bb column_direction=\u00bbdefault\u00bb column_direction_tablet=\u00bbdefault\u00bb column_direction_phone=\u00bbdefault\u00bb bg_color=\u00bb#ffffff\u00bb scene_position=\u00bbcenter\u00bb top_padding=\u00bb0&#8243; bottom_padding=\u00bb0&#8243; left_padding_desktop=\u00bb0&#8243; right_padding_desktop=\u00bb0&#8243; left_padding_tablet=\u00bb0&#8243; right_padding_tablet=\u00bb0&#8243; left_padding_phone=\u00bb0&#8243; right_padding_phone=\u00bb0&#8243; top_margin=\u00bb0&#8243; bottom_margin=\u00bb0&#8243; constrain_group_9=\u00bbyes\u00bb constrain_group_10=\u00bbyes\u00bb text_color=\u00bbdark\u00bb text_align=\u00bbleft\u00bb row_border_radius=\u00bbnone\u00bb row_border_radius_applies=\u00bbbg\u00bb overflow=\u00bbvisible\u00bb color_overlay=\u00bb#ffffff\u00bb color_overlay_2=\u00bb#ffffff\u00bb advanced_gradient_angle=\u00bb125&#8243; overlay_strength=\u00bb0.3&#8243; gradient_direction=\u00bbleft_to_right\u00bb shape_divider_color=\u00bb#f0ece5&#8243; shape_divider_position=\u00bbbottom\u00bb shape_divider_height=\u00bb33%\u00bb bg_image_animation=\u00bbnone\u00bb shape_type=\u00bbstraight_section\u00bb gradient_type=\u00bbdefault\u00bb][vc_column column_padding=\u00bbno-extra-padding\u00bb column_padding_tablet=\u00bbinherit\u00bb column_padding_phone=\u00bbinherit\u00bb column_padding_position=\u00bbtop\u00bb top_margin=\u00bb0&#8243; bottom_margin=\u00bb0&#8243; column_element_direction_desktop=\u00bbdefault\u00bb column_element_spacing=\u00bbdefault\u00bb desktop_text_alignment=\u00bbdefault\u00bb tablet_text_alignment=\u00bbdefault\u00bb phone_text_alignment=\u00bbdefault\u00bb background_color=\u00bb#ffffff\u00bb background_color_opacity=\u00bb1&#8243; background_color_hover=\u00bb#ffffff\u00bb background_hover_color_opacity=\u00bb1&#8243; column_backdrop_filter=\u00bbnone\u00bb column_shadow=\u00bbnone\u00bb column_border_radius=\u00bbnone\u00bb column_link_target=\u00bb_self\u00bb column_position=\u00bbdefault\u00bb advanced_gradient_angle=\u00bb0&#8243; gradient_direction=\u00bbleft_to_right\u00bb overlay_strength=\u00bb0.3&#8243; width=\u00bb1\/1&#8243; tablet_width_inherit=\u00bbdefault\u00bb animation_type=\u00bbdefault\u00bb bg_image_animation=\u00bbnone\u00bb border_type=\u00bbsimple\u00bb column_border_width=\u00bbnone\u00bb column_border_style=\u00bbsolid\u00bb gradient_type=\u00bbdefault\u00bb column_padding_type=\u00bbdefault\u00bb][vc_column_text]    <div class=\"containertab\">\n        <div class=\"menuTab\">\n            <div class=\"Tabela\">\n                <div class=\"lineaOff Titular\">\n                    <span class=\"floor\">Planta<\/span>\n                    <span class=\"medio m1\">PLANO<\/span>\n                    <span class=\"medio\">RENDER<\/span>\n                    <span class=\"trenta\">DISPONIBILIDAD<\/span>\n                <\/div>\n\n                                <div class=\"lineaOff Cinza\">\n                    <span class=\"floor\">Planta 08<p class=\"peque\"><br\/><\/p><\/span>\n                    <span class=\"medio m1\"> X <\/span>\n                    <span class=\"medio\"> X <\/span>\n                    <span class=\"trenta\">ALQUILADA<\/span>\n                <\/div>\n\n                                <a href=\"#\" class=\"tab-link linea\" data-tab=\"tab2\">\n                    <span class=\"floor\">\n                        Planta 07\n                        <p class=\"peque\">1.651 m\u00b2<\/p>\n                    <\/span>\n                    <span class=\"medio m1\">\n                        <div class=\"openPopup\" data-fancybox data-src=\"https:\/\/monumentobarcelona.com\/wp-content\/uploads\/2026\/01\/ES_MONUMENTO-PLANTA-7_compressed.pdf\">\n                            <img loading=\"lazy\" decoding=\"async\" class=\"icon_view\" src=\"https:\/\/monumentobarcelona.com\/wp-content\/uploads\/2024\/05\/ViewPlan.svg\" alt=\"View\" width=\"53\" height=\"25\">\n                        <\/div>\n                    <\/span>\n                    <span class=\"medio\">\n                        <div class=\"openPopup\" data-fancybox data-src=\"https:\/\/monumentobarcelona.com\/wp-content\/uploads\/2024\/06\/render_6th.jpg\">\n                            <img loading=\"lazy\" decoding=\"async\" class=\"icon_view\" src=\"https:\/\/monumentobarcelona.com\/wp-content\/uploads\/2024\/05\/ViewPlan.svg\" alt=\"View\" width=\"53\" height=\"25\">\n                        <\/div>\n                    <\/span>\n                    <span class=\"trenta\">\n                        DISPONIBLE                        <p class=\"peque\">7A: 672,25 m\u00b2<\/p>\n                    <\/span>\n                <\/a>\n\n                                                    <div class=\"lineaOff Cinza\">\n                        <span class=\"floor\">Planta 06<p class=\"peque\"><br\/><\/p><\/span>\n                        <span class=\"medio m1\"> X <\/span>\n                        <span class=\"medio\"> X <\/span>\n                        <span class=\"trenta\">ALQUILADA<\/span>\n                    <\/div>\n                                    <div class=\"lineaOff Cinza\">\n                        <span class=\"floor\">Planta 05<p class=\"peque\"><br\/><\/p><\/span>\n                        <span class=\"medio m1\"> X <\/span>\n                        <span class=\"medio\"> X <\/span>\n                        <span class=\"trenta\">ALQUILADA<\/span>\n                    <\/div>\n                                    <div class=\"lineaOff Cinza\">\n                        <span class=\"floor\">Planta 04<p class=\"peque\"><br\/><\/p><\/span>\n                        <span class=\"medio m1\"> X <\/span>\n                        <span class=\"medio\"> X <\/span>\n                        <span class=\"trenta\">ALQUILADA<\/span>\n                    <\/div>\n                                    <div class=\"lineaOff Cinza\">\n                        <span class=\"floor\">Planta 03<p class=\"peque\"><br\/><\/p><\/span>\n                        <span class=\"medio m1\"> X <\/span>\n                        <span class=\"medio\"> X <\/span>\n                        <span class=\"trenta\">ALQUILADA<\/span>\n                    <\/div>\n                                    <div class=\"lineaOff Cinza\">\n                        <span class=\"floor\">Planta 02<p class=\"peque\"><br\/><\/p><\/span>\n                        <span class=\"medio m1\"> X <\/span>\n                        <span class=\"medio\"> X <\/span>\n                        <span class=\"trenta\">ALQUILADA<\/span>\n                    <\/div>\n                                    <div class=\"lineaOff Cinza\">\n                        <span class=\"floor\">Planta 01<p class=\"peque\"><br\/><\/p><\/span>\n                        <span class=\"medio m1\"> X <\/span>\n                        <span class=\"medio\"> X <\/span>\n                        <span class=\"trenta\">ALQUILADA<\/span>\n                    <\/div>\n                            <\/div>\n            <p class=\"rooftop\">Todas las Plantas tienen acceso a la azotea.<\/p>\n        <\/div>\n\n        <div class=\"tabxx-content\">\n            <div id=\"tab2\" class=\"tabx-content\">\n                <img loading=\"lazy\" decoding=\"async\" src=\"https:\/\/monumentobarcelona.com\/wp-content\/uploads\/2026\/01\/7_Es-2.webp\" alt=\"\" width=\"1206\" height=\"1125\" \/>\n            <\/div>\n            <div id=\"tab0\" class=\"tabx-content active\">\n                <img loading=\"lazy\" decoding=\"async\" src=\"https:\/\/monumentobarcelona.com\/wp-content\/uploads\/2026\/01\/TODO_es-1.webp\" alt=\"\" width=\"1206\" height=\"1125\" \/>\n            <\/div>\n        <\/div>\n    <\/div>\n    [\/vc_column_text][\/vc_column][\/vc_row][vc_row type=\u00bbfull_width_background\u00bb full_screen_row_position=\u00bbmiddle\u00bb column_margin=\u00bbdefault\u00bb column_direction=\u00bbdefault\u00bb column_direction_tablet=\u00bbdefault\u00bb column_direction_phone=\u00bbdefault\u00bb bg_color=\u00bb#ffffff\u00bb scene_position=\u00bbcenter\u00bb top_padding=\u00bb0&#8243; bottom_padding=\u00bb0&#8243; top_margin=\u00bb0&#8243; bottom_margin=\u00bb0&#8243; text_color=\u00bbdark\u00bb text_align=\u00bbcenter\u00bb row_border_radius=\u00bbnone\u00bb row_border_radius_applies=\u00bbbg\u00bb overflow=\u00bbvisible\u00bb class=\u00bbTopBottomSpace\u00bb overlay_strength=\u00bb0.3&#8243; gradient_direction=\u00bbleft_to_right\u00bb shape_divider_position=\u00bbbottom\u00bb bg_image_animation=\u00bbnone\u00bb shape_type=\u00bb\u00bb gradient_type=\u00bbdefault\u00bb][vc_column column_padding=\u00bbno-extra-padding\u00bb column_padding_tablet=\u00bbinherit\u00bb column_padding_phone=\u00bbinherit\u00bb column_padding_position=\u00bball\u00bb column_element_direction_desktop=\u00bbdefault\u00bb column_element_spacing=\u00bbdefault\u00bb desktop_text_alignment=\u00bbdefault\u00bb tablet_text_alignment=\u00bbdefault\u00bb phone_text_alignment=\u00bbdefault\u00bb background_color_opacity=\u00bb1&#8243; background_hover_color_opacity=\u00bb1&#8243; column_backdrop_filter=\u00bbnone\u00bb column_shadow=\u00bbnone\u00bb column_border_radius=\u00bbnone\u00bb column_link_target=\u00bb_self\u00bb column_position=\u00bbdefault\u00bb gradient_direction=\u00bbleft_to_right\u00bb overlay_strength=\u00bb0.3&#8243; width=\u00bb1\/1&#8243; tablet_width_inherit=\u00bbdefault\u00bb animation_type=\u00bbdefault\u00bb enable_animation=\u00bbtrue\u00bb animation=\u00bbfade-in-from-bottom\u00bb animation_easing=\u00bbdefault\u00bb bg_image_animation=\u00bbnone\u00bb border_type=\u00bbsimple\u00bb column_border_width=\u00bbnone\u00bb column_border_style=\u00bbsolid\u00bb column_padding_type=\u00bbdefault\u00bb gradient_type=\u00bbdefault\u00bb delay=\u00bb200&#8243;][nectar_btn size=\u00bblarge\u00bb button_style=\u00bbsee-through\u00bb button_color_2=\u00bbExtra-Color-2&#8243; color_override=\u00bb#707070&#8243; icon_family=\u00bbnone\u00bb text=\u00bbCONT\u00c1CTANOS\u00bb margin_top=\u00bb0&#8243; margin_bottom=\u00bb0&#8243; url=\u00bb\/es\/contacto\/\u00bb][\/vc_column][\/vc_row]\n","protected":false},"excerpt":{"rendered":"<p>[vc_row type=\u00bbfull_width_background\u00bb full_screen_row_position=\u00bbmiddle\u00bb column_margin=\u00bbdefault\u00bb column_direction=\u00bbdefault\u00bb column_direction_tablet=\u00bbdefault\u00bb column_direction_phone=\u00bbdefault\u00bb bg_color=\u00bb#ffffff\u00bb scene_position=\u00bbcenter\u00bb top_padding=\u00bb0&#8243; bottom_padding=\u00bb0&#8243; top_margin=\u00bb0&#8243; bottom_margin=\u00bb0&#8243; text_color=\u00bbdark\u00bb text_align=\u00bbcenter\u00bb row_border_radius=\u00bbnone\u00bb row_border_radius_applies=\u00bbbg\u00bb overflow=\u00bbvisible\u00bb class=\u00bbTopBottomSpace\u00bb overlay_strength=\u00bb0.3&#8243; gradient_direction=\u00bbleft_to_right\u00bb shape_divider_position=\u00bbbottom\u00bb bg_image_animation=\u00bbnone\u00bb shape_type=\u00bb\u00bb gradient_type=\u00bbdefault\u00bb][vc_column column_padding=\u00bbno-extra-padding\u00bb column_padding_tablet=\u00bbinherit\u00bb column_padding_phone=\u00bbinherit\u00bb column_padding_position=\u00bball\u00bb column_element_direction_desktop=\u00bbdefault\u00bb&#8230;<\/p>\n","protected":false},"author":3,"featured_media":0,"parent":0,"menu_order":0,"comment_status":"closed","ping_status":"closed","template":"","meta":{"inline_featured_image":false,"footnotes":""},"class_list":["post-1093","page","type-page","status-publish"],"yoast_head":"<!-- This site is optimized with the Yoast SEO plugin v27.3 - https:\/\/yoast.com\/product\/yoast-seo-wordpress\/ -->\n<title>Oficinas modernas y luminosas | Disponibilidad - Monumento Barcelona<\/title>\n<meta name=\"description\" content=\"Oficinas modernas y luminosas en el coraz\u00f3n del barrio del Eixample en Barcelona. El lugar perfecto para trabajar.\" \/>\n<meta name=\"robots\" content=\"index, follow, max-snippet:-1, max-image-preview:large, max-video-preview:-1\" \/>\n<link rel=\"canonical\" href=\"https:\/\/monumentobarcelona.com\/es\/disponibilidad\/\" \/>\n<meta property=\"og:locale\" content=\"es_ES\" \/>\n<meta property=\"og:type\" content=\"article\" \/>\n<meta property=\"og:title\" content=\"Oficinas modernas y luminosas | Disponibilidad - Monumento Barcelona\" \/>\n<meta property=\"og:description\" content=\"Oficinas modernas y luminosas en el coraz\u00f3n del barrio del Eixample en Barcelona. El lugar perfecto para trabajar.\" \/>\n<meta property=\"og:url\" content=\"https:\/\/monumentobarcelona.com\/es\/disponibilidad\/\" \/>\n<meta property=\"og:site_name\" content=\"Monumento Barcelona\" \/>\n<meta property=\"article:modified_time\" content=\"2026-01-29T10:08:59+00:00\" \/>\n<meta name=\"twitter:card\" content=\"summary_large_image\" \/>\n<meta name=\"twitter:label1\" content=\"Tiempo de lectura\" \/>\n\t<meta name=\"twitter:data1\" content=\"2 minutos\" \/>\n<script type=\"application\/ld+json\" class=\"yoast-schema-graph\">{\"@context\":\"https:\\\/\\\/schema.org\",\"@graph\":[{\"@type\":\"WebPage\",\"@id\":\"https:\\\/\\\/monumentobarcelona.com\\\/es\\\/disponibilidad\\\/\",\"url\":\"https:\\\/\\\/monumentobarcelona.com\\\/es\\\/disponibilidad\\\/\",\"name\":\"Oficinas modernas y luminosas | Disponibilidad - Monumento Barcelona\",\"isPartOf\":{\"@id\":\"https:\\\/\\\/monumentobarcelona.com\\\/es\\\/#website\"},\"datePublished\":\"2024-05-11T17:19:35+00:00\",\"dateModified\":\"2026-01-29T10:08:59+00:00\",\"description\":\"Oficinas modernas y luminosas en el coraz\u00f3n del barrio del Eixample en Barcelona. El lugar perfecto para trabajar.\",\"breadcrumb\":{\"@id\":\"https:\\\/\\\/monumentobarcelona.com\\\/es\\\/disponibilidad\\\/#breadcrumb\"},\"inLanguage\":\"es\",\"potentialAction\":[{\"@type\":\"ReadAction\",\"target\":[\"https:\\\/\\\/monumentobarcelona.com\\\/es\\\/disponibilidad\\\/\"]}]},{\"@type\":\"BreadcrumbList\",\"@id\":\"https:\\\/\\\/monumentobarcelona.com\\\/es\\\/disponibilidad\\\/#breadcrumb\",\"itemListElement\":[{\"@type\":\"ListItem\",\"position\":1,\"name\":\"Home\",\"item\":\"https:\\\/\\\/monumentobarcelona.com\\\/es\\\/\"},{\"@type\":\"ListItem\",\"position\":2,\"name\":\"Disponibilidad\"}]},{\"@type\":\"WebSite\",\"@id\":\"https:\\\/\\\/monumentobarcelona.com\\\/es\\\/#website\",\"url\":\"https:\\\/\\\/monumentobarcelona.com\\\/es\\\/\",\"name\":\"Monumento Barcelona\",\"description\":\"\",\"potentialAction\":[{\"@type\":\"SearchAction\",\"target\":{\"@type\":\"EntryPoint\",\"urlTemplate\":\"https:\\\/\\\/monumentobarcelona.com\\\/es\\\/?s={search_term_string}\"},\"query-input\":{\"@type\":\"PropertyValueSpecification\",\"valueRequired\":true,\"valueName\":\"search_term_string\"}}],\"inLanguage\":\"es\"}]}<\/script>\n<!-- \/ Yoast SEO plugin. -->","yoast_head_json":{"title":"Oficinas modernas y luminosas | Disponibilidad - Monumento Barcelona","description":"Oficinas modernas y luminosas en el coraz\u00f3n del barrio del Eixample en Barcelona. El lugar perfecto para trabajar.","robots":{"index":"index","follow":"follow","max-snippet":"max-snippet:-1","max-image-preview":"max-image-preview:large","max-video-preview":"max-video-preview:-1"},"canonical":"https:\/\/monumentobarcelona.com\/es\/disponibilidad\/","og_locale":"es_ES","og_type":"article","og_title":"Oficinas modernas y luminosas | Disponibilidad - Monumento Barcelona","og_description":"Oficinas modernas y luminosas en el coraz\u00f3n del barrio del Eixample en Barcelona. El lugar perfecto para trabajar.","og_url":"https:\/\/monumentobarcelona.com\/es\/disponibilidad\/","og_site_name":"Monumento Barcelona","article_modified_time":"2026-01-29T10:08:59+00:00","twitter_card":"summary_large_image","twitter_misc":{"Tiempo de lectura":"2 minutos"},"schema":{"@context":"https:\/\/schema.org","@graph":[{"@type":"WebPage","@id":"https:\/\/monumentobarcelona.com\/es\/disponibilidad\/","url":"https:\/\/monumentobarcelona.com\/es\/disponibilidad\/","name":"Oficinas modernas y luminosas | Disponibilidad - Monumento Barcelona","isPartOf":{"@id":"https:\/\/monumentobarcelona.com\/es\/#website"},"datePublished":"2024-05-11T17:19:35+00:00","dateModified":"2026-01-29T10:08:59+00:00","description":"Oficinas modernas y luminosas en el coraz\u00f3n del barrio del Eixample en Barcelona. El lugar perfecto para trabajar.","breadcrumb":{"@id":"https:\/\/monumentobarcelona.com\/es\/disponibilidad\/#breadcrumb"},"inLanguage":"es","potentialAction":[{"@type":"ReadAction","target":["https:\/\/monumentobarcelona.com\/es\/disponibilidad\/"]}]},{"@type":"BreadcrumbList","@id":"https:\/\/monumentobarcelona.com\/es\/disponibilidad\/#breadcrumb","itemListElement":[{"@type":"ListItem","position":1,"name":"Home","item":"https:\/\/monumentobarcelona.com\/es\/"},{"@type":"ListItem","position":2,"name":"Disponibilidad"}]},{"@type":"WebSite","@id":"https:\/\/monumentobarcelona.com\/es\/#website","url":"https:\/\/monumentobarcelona.com\/es\/","name":"Monumento Barcelona","description":"","potentialAction":[{"@type":"SearchAction","target":{"@type":"EntryPoint","urlTemplate":"https:\/\/monumentobarcelona.com\/es\/?s={search_term_string}"},"query-input":{"@type":"PropertyValueSpecification","valueRequired":true,"valueName":"search_term_string"}}],"inLanguage":"es"}]}},"_links":{"self":[{"href":"https:\/\/monumentobarcelona.com\/es\/wp-json\/wp\/v2\/pages\/1093","targetHints":{"allow":["GET"]}}],"collection":[{"href":"https:\/\/monumentobarcelona.com\/es\/wp-json\/wp\/v2\/pages"}],"about":[{"href":"https:\/\/monumentobarcelona.com\/es\/wp-json\/wp\/v2\/types\/page"}],"author":[{"embeddable":true,"href":"https:\/\/monumentobarcelona.com\/es\/wp-json\/wp\/v2\/users\/3"}],"replies":[{"embeddable":true,"href":"https:\/\/monumentobarcelona.com\/es\/wp-json\/wp\/v2\/comments?post=1093"}],"version-history":[{"count":19,"href":"https:\/\/monumentobarcelona.com\/es\/wp-json\/wp\/v2\/pages\/1093\/revisions"}],"predecessor-version":[{"id":2567,"href":"https:\/\/monumentobarcelona.com\/es\/wp-json\/wp\/v2\/pages\/1093\/revisions\/2567"}],"wp:attachment":[{"href":"https:\/\/monumentobarcelona.com\/es\/wp-json\/wp\/v2\/media?parent=1093"}],"curies":[{"name":"wp","href":"https:\/\/api.w.org\/{rel}","templated":true}]}}