{"id":2841,"date":"2024-04-30T11:32:20","date_gmt":"2024-04-30T11:32:20","guid":{"rendered":"https:\/\/monumentobarcelona.com\/privacy-policy\/"},"modified":"2026-04-13T09:46:32","modified_gmt":"2026-04-13T09:46:32","slug":"politica-de-privacitat","status":"publish","type":"page","link":"https:\/\/monumentobarcelona.com\/ca\/politica-de-privacitat\/","title":{"rendered":"Pol\u00edtica de Privacitat"},"content":{"rendered":"[vc_row type=&#8221;in_container&#8221; full_screen_row_position=&#8221;middle&#8221; column_margin=&#8221;none&#8221; column_direction=&#8221;default&#8221; column_direction_tablet=&#8221;default&#8221; column_direction_phone=&#8221;default&#8221; scene_position=&#8221;center&#8221; text_color=&#8221;dark&#8221; text_align=&#8221;left&#8221; row_border_radius=&#8221;none&#8221; row_border_radius_applies=&#8221;bg&#8221; overflow=&#8221;visible&#8221; class=&#8221;BottomSpace&#8221; overlay_strength=&#8221;0.3&#8243; gradient_direction=&#8221;left_to_right&#8221; shape_divider_position=&#8221;bottom&#8221; bg_image_animation=&#8221;none&#8221; gradient_type=&#8221;default&#8221; shape_type=&#8221;&#8221;][vc_column column_padding=&#8221;no-extra-padding&#8221; column_padding_tablet=&#8221;inherit&#8221; column_padding_phone=&#8221;inherit&#8221; column_padding_position=&#8221;all&#8221; column_element_direction_desktop=&#8221;default&#8221; column_element_spacing=&#8221;default&#8221; desktop_text_alignment=&#8221;default&#8221; tablet_text_alignment=&#8221;default&#8221; phone_text_alignment=&#8221;default&#8221; background_color_opacity=&#8221;1&#8243; background_hover_color_opacity=&#8221;1&#8243; column_backdrop_filter=&#8221;none&#8221; column_shadow=&#8221;none&#8221; column_border_radius=&#8221;none&#8221; column_link_target=&#8221;_self&#8221; column_position=&#8221;default&#8221; gradient_direction=&#8221;left_to_right&#8221; overlay_strength=&#8221;0.3&#8243; width=&#8221;1\/1&#8243; tablet_width_inherit=&#8221;default&#8221; animation_type=&#8221;default&#8221; bg_image_animation=&#8221;none&#8221; border_type=&#8221;simple&#8221; column_border_width=&#8221;none&#8221; column_border_style=&#8221;solid&#8221;][nectar_responsive_text font_size_min=&#8221;24&#8243; font_size_max=&#8221;40&#8243; text_color=&#8221;#557d49&#8243; font_size_desktop=&#8221;2.67vw&#8221; font_line_height=&#8221;1em&#8221; class_name=&#8221;titular_legales&#8221;]\n<h2><span class=\"ls200\">Pol\u00edtica de Privacitat<\/span><\/h2>\n[\/nectar_responsive_text][vc_column_text max_width=&#8221;960&#8243;]\n<section id=\"content\">\n<div id=\"main-content\" class=\"layout-content portlet-layout\" role=\"main\">\n<div class=\" container mb-lg-0 mt-lg-0 pb-lg-0 pl-lg-0 pr-lg-0 pt-lg-0\">\n<div class=\"\">\n<div class=\" mb-lg-7 ml-lg-0 mr-lg-0 mt-lg-7 pb-lg-0 pl-lg-0 pr-lg-0 pt-lg-0 mb-sm-7 mt-sm-7 mb-7 mt-7 mb-md-7 mt-md-7\">\n<div class=\"journal-content-article \">\n<h3 class=\"inm_titulo_placeholder\">1. Protecci\u00f3 de Dades i Grup INMOCAIXA<\/h3>\n<p>Les empreses que formen part del Grup INMOCAIXA estan plenament compromeses amb el compliment de la normativa vigent i del Reglament General de Protecci\u00f3 de Dades de la Uni\u00f3 Europea, aix\u00ed com amb la normativa relativa a la protecci\u00f3 de dades personals vigent en cada moment, essent aquest un objectiu prioritari.<br \/>\nL&#8217;informem que les seves dades personals seran incorporades a una \u00fanica base de dades, on el Responsable del Tractament \u00e9s el Grup INMOCAIXA, format per les seg\u00fcents empreses: INMO CRITERIA CAIXA S.A.U. (NIF A63346290), INMO CRITERIA ARRENDAMIENTO, S.L.U. (NIF B63343172) i INMO CRITERIA PATRIMONIO (NIF B67300533), pertanyents al sector immobiliari, totes elles amb domicili social al c\/ Berl\u00edn 38-48, 7a planta, Barcelona, 08029, i que conjuntament formen: Grup INMOCAIXA. El Grup INMOCAIXA es coordina des de les instal\u00b7lacions esmentades, on es centralitzen els sistemes i serveis de les esmentades empreses, amb l&#8217;objectiu de gestionar-los de manera unificada. Per aquest motiu, malgrat l&#8217;exist\u00e8ncia de diversos responsables del tractament, el fitxer on es guardaran les seves dades personals ser\u00e0 tractat internament com una \u00fanica base de dades, respecte a la qual podr\u00e0 exercir els drets que es descriuen a continuaci\u00f3.<br \/>\nL&#8217;informem que les seves dades no seran cedides, venudes, llogades ni posades a disposici\u00f3 de cap tercer, excepte a les empreses necess\u00e0ries per a l&#8217;execuci\u00f3 del tractament i als prove\u00efdors de serveis del Grup INMOCAIXA, que duen a terme determinades activitats per a les empreses que formen part del Grup (a tall d&#8217;exemple, aquestes activitats poden incloure l&#8217;enviament de correspond\u00e8ncia, prove\u00efdors de serveis inform\u00e0tics, etc.), per\u00f2 en cap cas podran ser per a finalitats pr\u00f2pies.<\/p>\n<h3 class=\"inm_titulo_placeholder\">2. <span class=\"NormalTextRun SCXW211723381 BCX0\">Finalitats<\/span><span class=\"NormalTextRun SCXW211723381 BCX0\">\u00a0<\/span><span class=\"NormalTextRun SCXW211723381 BCX0\">dels<\/span><span class=\"NormalTextRun SCXW211723381 BCX0\">\u00a0tractaments<\/span><\/h3>\n<p><span data-contrast=\"auto\">Les\u00a0seves\u00a0dades\u00a0personals\u00a0seran\u00a0tractades\u00a0pel\u00a0Grup\u00a0INMOCAIXA de manera confidencial i per a les\u00a0seg\u00fcents\u00a0finalitats:<\/span><span data-ccp-props=\"{&quot;134233117&quot;:true,&quot;134233118&quot;:true,&quot;201341983&quot;:0,&quot;335559740&quot;:276}\">\u00a0<\/span><\/p>\n<p><span data-contrast=\"auto\">Tramitar la\u00a0seva\u00a0petici\u00f3\u00a0de contacte en\u00a0relaci\u00f3\u00a0amb\u00a0l\u2019immoble, local o\u00a0promoci\u00f3\u00a0sol\u00b7licitats,\u00a0aix\u00ed\u00a0com\u00a0remetre-li, si\u00a0escau,\u00a0informaci\u00f3\u00a0en\u00a0relaci\u00f3\u00a0amb\u00a0aquesta\u00a0petici\u00f3.<\/span><span data-contrast=\"auto\">\u00a0<\/span><span data-ccp-props=\"{&quot;134233117&quot;:true,&quot;134233118&quot;:true,&quot;201341983&quot;:0,&quot;335559740&quot;:276}\">\u00a0<\/span><\/p>\n<p><span data-contrast=\"auto\">Remetre-li\u00a0informaci\u00f3\u00a0sobre\u00a0els\u00a0productes\u00a0i\u00a0serveis\u00a0oferts\u00a0per les\u00a0empreses\u00a0que conformen el\u00a0Grup\u00a0INMOCAIXA a trav\u00e9s de, entre\u00a0d\u2019altres,\u00a0mitjans\u00a0electr\u00f2nics, en\u00a0cas\u00a0que\u00a0aix\u00ed\u00a0ens\u00a0ho\u00a0hagi\u00a0autoritzat.<\/span><span data-contrast=\"auto\">\u00a0<\/span><span data-ccp-props=\"{&quot;134233117&quot;:true,&quot;134233118&quot;:true,&quot;201341983&quot;:0,&quot;335559740&quot;:276}\">\u00a0<\/span><\/p>\n<p><span data-contrast=\"auto\">L\u2019informem\u00a0que en algunes\u00a0ocasions\u00a0pot\u00a0ser\u00a0necessari\u00a0el\u00a0tractament\u00a0de les\u00a0seves\u00a0dades\u00a0personals\u00a0per donar\u00a0compliment\u00a0a\u00a0obligacions\u00a0legals\u00a0o en\u00a0relaci\u00f3\u00a0amb\u00a0qualsevol\u00a0relaci\u00f3\u00a0contractual que\u00a0puguem\u00a0tenir\u00a0amb\u00a0vost\u00e8.<\/span><span data-ccp-props=\"{&quot;134233117&quot;:true,&quot;134233118&quot;:true,&quot;201341983&quot;:0,&quot;335559740&quot;:276}\">\u00a0<\/span><\/p>\n<p><span data-contrast=\"auto\">En la resta de\u00a0sup\u00f2sits, i\u00a0sempre\u00a0que\u00a0sigui\u00a0oport\u00fa,\u00a0li\u00a0sol\u00b7licitarem\u00a0el\u00a0seu\u00a0consentiment\u00a0per tractar les\u00a0seves\u00a0dades\u00a0personals.<\/span><span data-ccp-props=\"{&quot;134233117&quot;:true,&quot;134233118&quot;:true,&quot;201341983&quot;:0,&quot;335559740&quot;:276}\">\u00a0<\/span><\/p>\n<p>&nbsp;<\/p>\n<h3 class=\"inm_titulo_placeholder\">3. <span class=\"NormalTextRun SCXW120586149 BCX0\">Per\u00edodes<\/span><span class=\"NormalTextRun SCXW120586149 BCX0\">\u00a0de conservaci\u00f3<\/span><\/h3>\n<p><span data-contrast=\"auto\">Les\u00a0seves\u00a0dades es conservaran\u00a0durant\u00a0el\u00a0termini\u00a0establert\u00a0en el\u00a0quadre\u00a0que es\u00a0mostra\u00a0a\u00a0continuaci\u00f3,\u00a0sens\u00a0perjudici\u00a0de la\u00a0seva\u00a0conservaci\u00f3\u00a0i\u00a0manteniment\u00a0sota el\u00a0degut\u00a0bloqueig\u00a0per a la\u00a0seva\u00a0posada a\u00a0disposici\u00f3\u00a0de les\u00a0autoritats\u00a0amb\u00a0compet\u00e8ncia\u00a0en les\u00a0diferents\u00a0mat\u00e8ries\u00a0que\u00a0siguin\u00a0d\u2019aplicaci\u00f3.<\/span><span data-ccp-props=\"{&quot;134233117&quot;:true,&quot;134233118&quot;:true,&quot;201341983&quot;:0,&quot;335559740&quot;:276}\">\u00a0<\/span><\/p>\n<p><b><span data-contrast=\"auto\">Tractament<\/span><\/b><span data-ccp-props=\"{&quot;134233117&quot;:true,&quot;134233118&quot;:true,&quot;201341983&quot;:0,&quot;335559740&quot;:276}\">\u00a0<\/span><\/p>\n<p><span data-contrast=\"auto\">Tramitar la\u00a0seva\u00a0petici\u00f3\u00a0de contacte en\u00a0relaci\u00f3\u00a0amb\u00a0l\u2019immoble, local o\u00a0promoci\u00f3\u00a0sol\u00b7licitat,\u00a0aix\u00ed\u00a0com\u00a0remetre-li, si\u00a0escau,\u00a0informaci\u00f3\u00a0en\u00a0relaci\u00f3\u00a0amb\u00a0aquesta\u00a0petici\u00f3.<\/span><span data-contrast=\"auto\">\u00a0<\/span><span data-ccp-props=\"{&quot;134233117&quot;:true,&quot;134233118&quot;:true,&quot;201341983&quot;:0,&quot;335559740&quot;:276}\">\u00a0<\/span><\/p>\n<p><span data-contrast=\"auto\">Remetre-li\u00a0informaci\u00f3\u00a0sobre\u00a0els\u00a0productes\u00a0i\u00a0serveis\u00a0oferts\u00a0per les\u00a0empreses\u00a0que conformen el\u00a0Grup\u00a0INMO, en\u00a0cas\u00a0que\u00a0aix\u00ed\u00a0ens\u00a0ho\u00a0hagi\u00a0autoritzat.<\/span><span data-contrast=\"auto\">\u00a0<\/span><span data-ccp-props=\"{&quot;134233117&quot;:true,&quot;134233118&quot;:true,&quot;201341983&quot;:0,&quot;335559740&quot;:276}\">\u00a0<\/span><\/p>\n<p><b><span data-contrast=\"auto\">Com\u00a0determinem\u00a0el\u00a0termini\u00a0de\u00a0conservaci\u00f3\u00a0de les\u00a0seves\u00a0dades<\/span><\/b><span data-ccp-props=\"{&quot;134233117&quot;:true,&quot;134233118&quot;:true,&quot;201341983&quot;:0,&quot;335559740&quot;:276}\">\u00a0<\/span><\/p>\n<p><span data-contrast=\"auto\">Conservarem\u00a0les\u00a0seves\u00a0dades\u00a0mentre\u00a0vost\u00e8\u00a0no\u00a0revoqui\u00a0el\u00a0consentiment\u00a0al\u00a0tractament\u00a0o\u00a0mentre\u00a0l\u2019immoble, local o\u00a0promoci\u00f3\u00a0sobre el\u00a0qual\u00a0ha\u00a0plantejat\u00a0la\u00a0seva\u00a0petici\u00f3\u00a0continu\u00ef\u00a0disponible.<\/span><span data-contrast=\"auto\">\u00a0<\/span><span data-ccp-props=\"{&quot;134233117&quot;:true,&quot;134233118&quot;:true,&quot;201341983&quot;:0,&quot;335559740&quot;:276}\">\u00a0<\/span><\/p>\n<p><span data-contrast=\"auto\">Conservarem\u00a0les\u00a0seves\u00a0dades\u00a0mentre\u00a0vost\u00e8\u00a0no\u00a0revoqui\u00a0el\u00a0consentiment\u00a0al\u00a0tractament.<\/span><span data-contrast=\"auto\">\u00a0<\/span><span data-ccp-props=\"{&quot;134233117&quot;:true,&quot;134233118&quot;:true,&quot;201341983&quot;:0,&quot;335559740&quot;:276}\">\u00a0<\/span><\/p>\n<div class=\"row\">\n<div class=\"col-lg-6 col-xl-6\"><\/div>\n<\/div>\n<h3 class=\"inm_titulo_placeholder\">4. Exercici dels seus drets i reclamacions davant l&#8217;autoritat competent en mat\u00e8ria de protecci\u00f3 de dades<\/h3>\n<p>Com a conseq\u00fc\u00e8ncia del tractament de les seves dades personals per part del Grup INMOCAIXA, la legislaci\u00f3 vigent li atorga una s\u00e8rie de drets.<br \/>\nEn aquest sentit, el Grup INMOCAIXA l&#8217;informa que pot exercir els seus drets d&#8217;acc\u00e9s, rectificaci\u00f3, supressi\u00f3, limitaci\u00f3 del tractament, portabilitat de les dades i oposici\u00f3, aix\u00ed com revocar el seu consentiment a tot o a qualsevol dels tractaments, enviant un correu electr\u00f2nic a <a href=\"mailto:protecciondatos@inmocaixa.com\">protecciondatos@inmocaixa.com<\/a> o enviant la seva sol\u00b7licitud per escrit amb la refer\u00e8ncia &#8220;Dades Personals&#8221; al c\/ Berl\u00edn 38-48, 7a planta, Barcelona, 08029.<br \/>\nDe la mateixa manera, si no desitja exercir un dret espec\u00edfic, per\u00f2 necessita consultar les seves dades o t\u00e9 algun suggeriment en relaci\u00f3 amb el tractament de les seves dades personals, tamb\u00e9 pot escriure a les adreces facilitades per a l&#8217;exercici dels seus drets.<br \/>\nA m\u00e9s, el Grup INMOCAIXA l&#8217;informa que t\u00e9 dret a presentar una reclamaci\u00f3 davant l&#8217;Ag\u00e8ncia Espanyola de Protecci\u00f3 de Dades (AEPD), l&#8217;autoritat competent en mat\u00e8ria de protecci\u00f3 de dades.<\/p>\n<h3 class=\"inm_titulo_placeholder\">5. <span class=\"TextRun Highlight MacChromeBold SCXW123490205 BCX0\" lang=\"CA-ES\" xml:lang=\"CA-ES\" data-contrast=\"auto\"><span class=\"NormalTextRun SCXW123490205 BCX0\">Confidencialitat<\/span><span class=\"NormalTextRun SCXW123490205 BCX0\">\u00a0i\u00a0<\/span><span class=\"NormalTextRun SCXW123490205 BCX0\">seguretat<\/span><span class=\"NormalTextRun SCXW123490205 BCX0\">\u00a0en el\u00a0<\/span><span class=\"NormalTextRun SCXW123490205 BCX0\">tractament<\/span><span class=\"NormalTextRun SCXW123490205 BCX0\">\u00a0de dades<\/span><\/span><span class=\"LineBreakBlob BlobObject DragDrop SCXW123490205 BCX0\"><span class=\"SCXW123490205 BCX0\">\u00a0<\/span><br class=\"SCXW123490205 BCX0\" \/><\/span><\/h3>\n<p><span data-contrast=\"auto\">La\u00a0informaci\u00f3\u00a0rebuda\u00a0pel\u00a0Grup\u00a0INMOCAIXA a trav\u00e9s de la\u00a0present\u00a0p\u00e0gina\u00a0web\u00a0ser\u00e0\u00a0tractada\u00a0amb\u00a0la\u00a0m\u00e0xima\u00a0reserva i\u00a0confidencialitat.<\/span><span data-ccp-props=\"{&quot;134233117&quot;:true,&quot;134233118&quot;:true,&quot;201341983&quot;:0,&quot;335559740&quot;:276}\">\u00a0<\/span><\/p>\n<p><span data-contrast=\"auto\">Aix\u00ed\u00a0mateix, el\u00a0Grup\u00a0INMOCAIXA declara i\u00a0garanteix\u00a0que ha\u00a0establert\u00a0tots\u00a0els\u00a0mitjans\u00a0t\u00e8cnics\u00a0al\u00a0seu\u00a0abast\u00a0per evitar la\u00a0p\u00e8rdua, mal\u00a0\u00fas,\u00a0alteraci\u00f3,\u00a0acc\u00e9s\u00a0no\u00a0autoritzat\u00a0i\u00a0robatori\u00a0de les dades facilitades\u00a0pels\u00a0usuaris,\u00a0sens\u00a0perjudici\u00a0d\u2019informar\u00a0que les mesures de\u00a0seguretat\u00a0a Internet no\u00a0s\u00f3n\u00a0inexpugnables.<\/span><span data-ccp-props=\"{&quot;134233117&quot;:true,&quot;134233118&quot;:true,&quot;201341983&quot;:0,&quot;335559740&quot;:276}\">\u00a0<\/span><\/p>\n<\/div>\n<\/div>\n<\/div>\n<\/div>\n<\/div>\n<\/section>\n[\/vc_column_text][\/vc_column][\/vc_row][vc_row type=&#8221;full_width_background&#8221; full_screen_row_position=&#8221;middle&#8221; column_margin=&#8221;default&#8221; column_direction=&#8221;default&#8221; column_direction_tablet=&#8221;default&#8221; column_direction_phone=&#8221;default&#8221; bg_color=&#8221;#ffffff&#8221; scene_position=&#8221;center&#8221; top_padding=&#8221;0&#8243; bottom_padding=&#8221;0&#8243; top_margin=&#8221;0&#8243; bottom_margin=&#8221;0&#8243; text_color=&#8221;dark&#8221; text_align=&#8221;left&#8221; row_border_radius=&#8221;none&#8221; row_border_radius_applies=&#8221;bg&#8221; overflow=&#8221;visible&#8221; class=&#8221;TopBottomSpace&#8221; overlay_strength=&#8221;0.3&#8243; gradient_direction=&#8221;left_to_right&#8221; shape_divider_position=&#8221;bottom&#8221; bg_image_animation=&#8221;none&#8221; shape_type=&#8221;&#8221; gradient_type=&#8221;default&#8221;][vc_column column_padding=&#8221;no-extra-padding&#8221; column_padding_tablet=&#8221;inherit&#8221; column_padding_phone=&#8221;inherit&#8221; column_padding_position=&#8221;all&#8221; column_element_direction_desktop=&#8221;default&#8221; column_element_spacing=&#8221;default&#8221; desktop_text_alignment=&#8221;default&#8221; tablet_text_alignment=&#8221;default&#8221; phone_text_alignment=&#8221;default&#8221; background_color_opacity=&#8221;1&#8243; background_hover_color_opacity=&#8221;1&#8243; column_backdrop_filter=&#8221;none&#8221; column_shadow=&#8221;none&#8221; column_border_radius=&#8221;none&#8221; column_link_target=&#8221;_self&#8221; column_position=&#8221;default&#8221; gradient_direction=&#8221;left_to_right&#8221; overlay_strength=&#8221;0.3&#8243; width=&#8221;1\/1&#8243; tablet_width_inherit=&#8221;default&#8221; animation_type=&#8221;default&#8221; bg_image_animation=&#8221;none&#8221; border_type=&#8221;simple&#8221; column_border_width=&#8221;none&#8221; column_border_style=&#8221;solid&#8221;][\/vc_column][\/vc_row]\n","protected":false},"excerpt":{"rendered":"<p>[vc_row type=&#8221;in_container&#8221; full_screen_row_position=&#8221;middle&#8221; column_margin=&#8221;none&#8221; column_direction=&#8221;default&#8221; column_direction_tablet=&#8221;default&#8221; column_direction_phone=&#8221;default&#8221; scene_position=&#8221;center&#8221; text_color=&#8221;dark&#8221; text_align=&#8221;left&#8221; row_border_radius=&#8221;none&#8221; row_border_radius_applies=&#8221;bg&#8221; overflow=&#8221;visible&#8221; class=&#8221;BottomSpace&#8221; overlay_strength=&#8221;0.3&#8243; gradient_direction=&#8221;left_to_right&#8221; shape_divider_position=&#8221;bottom&#8221; bg_image_animation=&#8221;none&#8221; gradient_type=&#8221;default&#8221; shape_type=&#8221;&#8221;][vc_column column_padding=&#8221;no-extra-padding&#8221; column_padding_tablet=&#8221;inherit&#8221; column_padding_phone=&#8221;inherit&#8221; column_padding_position=&#8221;all&#8221; column_element_direction_desktop=&#8221;default&#8221; column_element_spacing=&#8221;default&#8221; desktop_text_alignment=&#8221;default&#8221; tablet_text_alignment=&#8221;default&#8221; phone_text_alignment=&#8221;default&#8221; background_color_opacity=&#8221;1&#8243;&#8230;<\/p>\n","protected":false},"author":1,"featured_media":0,"parent":0,"menu_order":0,"comment_status":"closed","ping_status":"open","template":"","meta":{"inline_featured_image":false,"footnotes":""},"class_list":["post-2841","page","type-page","status-publish"],"yoast_head":"<!-- This site is optimized with the Yoast SEO plugin v27.3 - https:\/\/yoast.com\/product\/yoast-seo-wordpress\/ -->\n<title>Pol\u00edtica de Privacitat - Monumento Barcelona<\/title>\n<meta name=\"robots\" content=\"index, follow, max-snippet:-1, max-image-preview:large, max-video-preview:-1\" \/>\n<link rel=\"canonical\" href=\"https:\/\/monumentobarcelona.com\/ca\/politica-de-privacitat\/\" \/>\n<meta property=\"og:locale\" content=\"ca_ES\" \/>\n<meta property=\"og:type\" content=\"article\" \/>\n<meta property=\"og:title\" content=\"Pol\u00edtica de Privacitat - Monumento Barcelona\" \/>\n<meta property=\"og:description\" content=\"[vc_row type=&#8221;in_container&#8221; full_screen_row_position=&#8221;middle&#8221; column_margin=&#8221;none&#8221; column_direction=&#8221;default&#8221; column_direction_tablet=&#8221;default&#8221; column_direction_phone=&#8221;default&#8221; scene_position=&#8221;center&#8221; text_color=&#8221;dark&#8221; text_align=&#8221;left&#8221; row_border_radius=&#8221;none&#8221; row_border_radius_applies=&#8221;bg&#8221; overflow=&#8221;visible&#8221; class=&#8221;BottomSpace&#8221; overlay_strength=&#8221;0.3&#8243; gradient_direction=&#8221;left_to_right&#8221; shape_divider_position=&#8221;bottom&#8221; bg_image_animation=&#8221;none&#8221; gradient_type=&#8221;default&#8221; shape_type=&#8221;&#8221;][vc_column column_padding=&#8221;no-extra-padding&#8221; column_padding_tablet=&#8221;inherit&#8221; column_padding_phone=&#8221;inherit&#8221; column_padding_position=&#8221;all&#8221; column_element_direction_desktop=&#8221;default&#8221; column_element_spacing=&#8221;default&#8221; desktop_text_alignment=&#8221;default&#8221; tablet_text_alignment=&#8221;default&#8221; phone_text_alignment=&#8221;default&#8221; background_color_opacity=&#8221;1&#8243;...\" \/>\n<meta property=\"og:url\" content=\"https:\/\/monumentobarcelona.com\/ca\/politica-de-privacitat\/\" \/>\n<meta property=\"og:site_name\" content=\"Monumento Barcelona\" \/>\n<meta property=\"article:modified_time\" content=\"2026-04-13T09:46:32+00:00\" \/>\n<meta name=\"twitter:card\" content=\"summary_large_image\" \/>\n<meta name=\"twitter:label1\" content=\"Temps estimat de lectura\" \/>\n\t<meta name=\"twitter:data1\" content=\"4 minuts\" \/>\n<script type=\"application\/ld+json\" class=\"yoast-schema-graph\">{\"@context\":\"https:\\\/\\\/schema.org\",\"@graph\":[{\"@type\":\"WebPage\",\"@id\":\"https:\\\/\\\/monumentobarcelona.com\\\/ca\\\/politica-de-privacitat\\\/\",\"url\":\"https:\\\/\\\/monumentobarcelona.com\\\/ca\\\/politica-de-privacitat\\\/\",\"name\":\"Pol\u00edtica de Privacitat - Monumento Barcelona\",\"isPartOf\":{\"@id\":\"https:\\\/\\\/monumentobarcelona.com\\\/ca\\\/#website\"},\"datePublished\":\"2024-04-30T11:32:20+00:00\",\"dateModified\":\"2026-04-13T09:46:32+00:00\",\"breadcrumb\":{\"@id\":\"https:\\\/\\\/monumentobarcelona.com\\\/ca\\\/politica-de-privacitat\\\/#breadcrumb\"},\"inLanguage\":\"ca\",\"potentialAction\":[{\"@type\":\"ReadAction\",\"target\":[\"https:\\\/\\\/monumentobarcelona.com\\\/ca\\\/politica-de-privacitat\\\/\"]}]},{\"@type\":\"BreadcrumbList\",\"@id\":\"https:\\\/\\\/monumentobarcelona.com\\\/ca\\\/politica-de-privacitat\\\/#breadcrumb\",\"itemListElement\":[{\"@type\":\"ListItem\",\"position\":1,\"name\":\"Home\",\"item\":\"https:\\\/\\\/monumentobarcelona.com\\\/ca\\\/\"},{\"@type\":\"ListItem\",\"position\":2,\"name\":\"Pol\u00edtica de Privacitat\"}]},{\"@type\":\"WebSite\",\"@id\":\"https:\\\/\\\/monumentobarcelona.com\\\/ca\\\/#website\",\"url\":\"https:\\\/\\\/monumentobarcelona.com\\\/ca\\\/\",\"name\":\"Monumento Barcelona\",\"description\":\"\",\"potentialAction\":[{\"@type\":\"SearchAction\",\"target\":{\"@type\":\"EntryPoint\",\"urlTemplate\":\"https:\\\/\\\/monumentobarcelona.com\\\/ca\\\/?s={search_term_string}\"},\"query-input\":{\"@type\":\"PropertyValueSpecification\",\"valueRequired\":true,\"valueName\":\"search_term_string\"}}],\"inLanguage\":\"ca\"}]}<\/script>\n<!-- \/ Yoast SEO plugin. -->","yoast_head_json":{"title":"Pol\u00edtica de Privacitat - Monumento Barcelona","robots":{"index":"index","follow":"follow","max-snippet":"max-snippet:-1","max-image-preview":"max-image-preview:large","max-video-preview":"max-video-preview:-1"},"canonical":"https:\/\/monumentobarcelona.com\/ca\/politica-de-privacitat\/","og_locale":"ca_ES","og_type":"article","og_title":"Pol\u00edtica de Privacitat - Monumento Barcelona","og_description":"[vc_row type=&#8221;in_container&#8221; full_screen_row_position=&#8221;middle&#8221; column_margin=&#8221;none&#8221; column_direction=&#8221;default&#8221; column_direction_tablet=&#8221;default&#8221; column_direction_phone=&#8221;default&#8221; scene_position=&#8221;center&#8221; text_color=&#8221;dark&#8221; text_align=&#8221;left&#8221; row_border_radius=&#8221;none&#8221; row_border_radius_applies=&#8221;bg&#8221; overflow=&#8221;visible&#8221; class=&#8221;BottomSpace&#8221; overlay_strength=&#8221;0.3&#8243; gradient_direction=&#8221;left_to_right&#8221; shape_divider_position=&#8221;bottom&#8221; bg_image_animation=&#8221;none&#8221; gradient_type=&#8221;default&#8221; shape_type=&#8221;&#8221;][vc_column column_padding=&#8221;no-extra-padding&#8221; column_padding_tablet=&#8221;inherit&#8221; column_padding_phone=&#8221;inherit&#8221; column_padding_position=&#8221;all&#8221; column_element_direction_desktop=&#8221;default&#8221; column_element_spacing=&#8221;default&#8221; desktop_text_alignment=&#8221;default&#8221; tablet_text_alignment=&#8221;default&#8221; phone_text_alignment=&#8221;default&#8221; background_color_opacity=&#8221;1&#8243;...","og_url":"https:\/\/monumentobarcelona.com\/ca\/politica-de-privacitat\/","og_site_name":"Monumento Barcelona","article_modified_time":"2026-04-13T09:46:32+00:00","twitter_card":"summary_large_image","twitter_misc":{"Temps estimat de lectura":"4 minuts"},"schema":{"@context":"https:\/\/schema.org","@graph":[{"@type":"WebPage","@id":"https:\/\/monumentobarcelona.com\/ca\/politica-de-privacitat\/","url":"https:\/\/monumentobarcelona.com\/ca\/politica-de-privacitat\/","name":"Pol\u00edtica de Privacitat - Monumento Barcelona","isPartOf":{"@id":"https:\/\/monumentobarcelona.com\/ca\/#website"},"datePublished":"2024-04-30T11:32:20+00:00","dateModified":"2026-04-13T09:46:32+00:00","breadcrumb":{"@id":"https:\/\/monumentobarcelona.com\/ca\/politica-de-privacitat\/#breadcrumb"},"inLanguage":"ca","potentialAction":[{"@type":"ReadAction","target":["https:\/\/monumentobarcelona.com\/ca\/politica-de-privacitat\/"]}]},{"@type":"BreadcrumbList","@id":"https:\/\/monumentobarcelona.com\/ca\/politica-de-privacitat\/#breadcrumb","itemListElement":[{"@type":"ListItem","position":1,"name":"Home","item":"https:\/\/monumentobarcelona.com\/ca\/"},{"@type":"ListItem","position":2,"name":"Pol\u00edtica de Privacitat"}]},{"@type":"WebSite","@id":"https:\/\/monumentobarcelona.com\/ca\/#website","url":"https:\/\/monumentobarcelona.com\/ca\/","name":"Monumento Barcelona","description":"","potentialAction":[{"@type":"SearchAction","target":{"@type":"EntryPoint","urlTemplate":"https:\/\/monumentobarcelona.com\/ca\/?s={search_term_string}"},"query-input":{"@type":"PropertyValueSpecification","valueRequired":true,"valueName":"search_term_string"}}],"inLanguage":"ca"}]}},"_links":{"self":[{"href":"https:\/\/monumentobarcelona.com\/ca\/wp-json\/wp\/v2\/pages\/2841","targetHints":{"allow":["GET"]}}],"collection":[{"href":"https:\/\/monumentobarcelona.com\/ca\/wp-json\/wp\/v2\/pages"}],"about":[{"href":"https:\/\/monumentobarcelona.com\/ca\/wp-json\/wp\/v2\/types\/page"}],"author":[{"embeddable":true,"href":"https:\/\/monumentobarcelona.com\/ca\/wp-json\/wp\/v2\/users\/1"}],"replies":[{"embeddable":true,"href":"https:\/\/monumentobarcelona.com\/ca\/wp-json\/wp\/v2\/comments?post=2841"}],"version-history":[{"count":3,"href":"https:\/\/monumentobarcelona.com\/ca\/wp-json\/wp\/v2\/pages\/2841\/revisions"}],"predecessor-version":[{"id":2881,"href":"https:\/\/monumentobarcelona.com\/ca\/wp-json\/wp\/v2\/pages\/2841\/revisions\/2881"}],"wp:attachment":[{"href":"https:\/\/monumentobarcelona.com\/ca\/wp-json\/wp\/v2\/media?parent=2841"}],"curies":[{"name":"wp","href":"https:\/\/api.w.org\/{rel}","templated":true}]}}