{"id":2784,"date":"2024-05-11T17:19:35","date_gmt":"2024-05-11T17:19:35","guid":{"rendered":"https:\/\/monumentobarcelona.com\/availability\/"},"modified":"2026-04-13T11:22:20","modified_gmt":"2026-04-13T11:22:20","slug":"disponibilitat","status":"publish","type":"page","link":"https:\/\/monumentobarcelona.com\/ca\/disponibilitat\/","title":{"rendered":"Disponibilitat"},"content":{"rendered":"[vc_row type=&#8221;full_width_background&#8221; full_screen_row_position=&#8221;middle&#8221; column_margin=&#8221;default&#8221; column_direction=&#8221;default&#8221; column_direction_tablet=&#8221;default&#8221; column_direction_phone=&#8221;default&#8221; bg_color=&#8221;#ffffff&#8221; scene_position=&#8221;center&#8221; top_padding=&#8221;0&#8243; bottom_padding=&#8221;0&#8243; top_margin=&#8221;0&#8243; bottom_margin=&#8221;0&#8243; text_color=&#8221;dark&#8221; text_align=&#8221;center&#8221; row_border_radius=&#8221;none&#8221; row_border_radius_applies=&#8221;bg&#8221; overflow=&#8221;visible&#8221; class=&#8221;TopBottomSpace&#8221; overlay_strength=&#8221;0.3&#8243; gradient_direction=&#8221;left_to_right&#8221; shape_divider_position=&#8221;bottom&#8221; bg_image_animation=&#8221;none&#8221; shape_type=&#8221;&#8221; gradient_type=&#8221;default&#8221;][vc_column column_padding=&#8221;no-extra-padding&#8221; column_padding_tablet=&#8221;inherit&#8221; column_padding_phone=&#8221;inherit&#8221; column_padding_position=&#8221;all&#8221; column_element_direction_desktop=&#8221;default&#8221; column_element_spacing=&#8221;default&#8221; desktop_text_alignment=&#8221;default&#8221; tablet_text_alignment=&#8221;default&#8221; phone_text_alignment=&#8221;default&#8221; background_color_opacity=&#8221;1&#8243; background_hover_color_opacity=&#8221;1&#8243; column_backdrop_filter=&#8221;none&#8221; column_shadow=&#8221;none&#8221; column_border_radius=&#8221;none&#8221; column_link_target=&#8221;_self&#8221; column_position=&#8221;default&#8221; gradient_direction=&#8221;left_to_right&#8221; overlay_strength=&#8221;0.3&#8243; width=&#8221;1\/1&#8243; tablet_width_inherit=&#8221;default&#8221; animation_type=&#8221;default&#8221; enable_animation=&#8221;true&#8221; animation=&#8221;fade-in-from-bottom&#8221; animation_easing=&#8221;default&#8221; bg_image_animation=&#8221;none&#8221; border_type=&#8221;simple&#8221; column_border_width=&#8221;none&#8221; column_border_style=&#8221;solid&#8221; column_padding_type=&#8221;default&#8221; gradient_type=&#8221;default&#8221; delay=&#8221;200&#8243;][vc_row_inner column_margin=&#8221;default&#8221; column_direction=&#8221;default&#8221; column_direction_tablet=&#8221;default&#8221; column_direction_phone=&#8221;default&#8221; text_align=&#8221;left&#8221; row_position=&#8221;default&#8221; row_position_tablet=&#8221;inherit&#8221; row_position_phone=&#8221;inherit&#8221; overflow=&#8221;visible&#8221; pointer_events=&#8221;all&#8221; class=&#8221;Availability&#8221;][vc_column_inner column_padding=&#8221;no-extra-padding&#8221; column_padding_tablet=&#8221;inherit&#8221; column_padding_phone=&#8221;inherit&#8221; column_padding_position=&#8221;all&#8221; column_element_direction_desktop=&#8221;default&#8221; column_element_spacing=&#8221;default&#8221; desktop_text_alignment=&#8221;default&#8221; tablet_text_alignment=&#8221;default&#8221; phone_text_alignment=&#8221;default&#8221; background_color_opacity=&#8221;1&#8243; background_hover_color_opacity=&#8221;1&#8243; column_backdrop_filter=&#8221;none&#8221; column_shadow=&#8221;none&#8221; column_border_radius=&#8221;none&#8221; column_link_target=&#8221;_self&#8221; overflow=&#8221;visible&#8221; gradient_direction=&#8221;left_to_right&#8221; overlay_strength=&#8221;0.3&#8243; width=&#8221;1\/1&#8243; tablet_width_inherit=&#8221;default&#8221; animation_type=&#8221;default&#8221; bg_image_animation=&#8221;none&#8221; border_type=&#8221;simple&#8221; column_border_width=&#8221;none&#8221; column_border_style=&#8221;solid&#8221; column_padding_type=&#8221;default&#8221; gradient_type=&#8221;default&#8221;][nectar_responsive_text font_size_min=&#8221;30&#8243; font_size_max=&#8221;70&#8243; text_color=&#8221;#557d49&#8243; font_size_desktop=&#8221;3.67vw&#8221; font_line_height=&#8221;1em&#8221; class_name=&#8221;titularH2&#8243;]\n<h2>DISPONIBILITAT<\/h2>\n[\/nectar_responsive_text][vc_column_text css=&#8221;.vc_custom_1769074202998{margin-bottom: 20px !important;}&#8221; el_class=&#8221;entradillaTitular&#8221;]Queden espais disponibles excepcionals a MONUMENTO, el lloc perfecte per treballar, col\u00b7laborar i fer cr\u00e9ixer el teu negoci. Moderns, lluminosos i espaiosos, amb una ubicaci\u00f3 privilegiada al cor de Barcelona, MONUMENTO ofereix confort, estil i serveis d&#8217;hostaleria de primera classe, a m\u00e9s d&#8217;un rendiment inigualable en el benestar de l&#8217;usuari i la sostenibilitat ambiental.<br \/>\n<strong>Descobreix avui els \u00faltims espais de MONUMENTO.<\/strong>[\/vc_column_text][\/vc_column_inner][\/vc_row_inner][nectar_btn size=&#8221;large&#8221; open_new_tab=&#8221;true&#8221; button_style=&#8221;see-through&#8221; button_color_2=&#8221;Extra-Color-2&#8243; color_override=&#8221;#707070&#8243; icon_family=&#8221;none&#8221; text=&#8221;DESCARREGAR PL\u00c0NOLS&#8221; margin_top=&#8221;70&#8243; margin_bottom=&#8221;0&#8243; url=&#8221;https:\/\/monumentobarcelona.com\/wp-content\/uploads\/2026\/04\/MONUMENTO_Planols.pdf&#8221;][\/vc_column][\/vc_row][vc_row type=&#8221;full_width_background&#8221; full_screen_row_position=&#8221;middle&#8221; column_margin=&#8221;default&#8221; column_direction=&#8221;default&#8221; column_direction_tablet=&#8221;default&#8221; column_direction_phone=&#8221;default&#8221; bg_color=&#8221;#ffffff&#8221; scene_position=&#8221;center&#8221; top_padding=&#8221;0&#8243; bottom_padding=&#8221;0&#8243; left_padding_desktop=&#8221;0&#8243; right_padding_desktop=&#8221;0&#8243; left_padding_tablet=&#8221;0&#8243; right_padding_tablet=&#8221;0&#8243; left_padding_phone=&#8221;0&#8243; right_padding_phone=&#8221;0&#8243; top_margin=&#8221;0&#8243; bottom_margin=&#8221;0&#8243; constrain_group_9=&#8221;yes&#8221; constrain_group_10=&#8221;yes&#8221; text_color=&#8221;dark&#8221; text_align=&#8221;left&#8221; row_border_radius=&#8221;none&#8221; row_border_radius_applies=&#8221;bg&#8221; overflow=&#8221;visible&#8221; color_overlay=&#8221;#ffffff&#8221; color_overlay_2=&#8221;#ffffff&#8221; advanced_gradient_angle=&#8221;125&#8243; overlay_strength=&#8221;0.3&#8243; gradient_direction=&#8221;left_to_right&#8221; shape_divider_color=&#8221;#f0ece5&#8243; shape_divider_position=&#8221;bottom&#8221; shape_divider_height=&#8221;33%&#8221; bg_image_animation=&#8221;none&#8221; shape_type=&#8221;straight_section&#8221; gradient_type=&#8221;default&#8221;][vc_column column_padding=&#8221;no-extra-padding&#8221; column_padding_tablet=&#8221;inherit&#8221; column_padding_phone=&#8221;inherit&#8221; column_padding_position=&#8221;top&#8221; top_margin=&#8221;0&#8243; bottom_margin=&#8221;0&#8243; column_element_direction_desktop=&#8221;default&#8221; column_element_spacing=&#8221;default&#8221; desktop_text_alignment=&#8221;default&#8221; tablet_text_alignment=&#8221;default&#8221; phone_text_alignment=&#8221;default&#8221; background_color=&#8221;#ffffff&#8221; background_color_opacity=&#8221;1&#8243; background_color_hover=&#8221;#ffffff&#8221; background_hover_color_opacity=&#8221;1&#8243; column_backdrop_filter=&#8221;none&#8221; column_shadow=&#8221;none&#8221; column_border_radius=&#8221;none&#8221; column_link_target=&#8221;_self&#8221; column_position=&#8221;default&#8221; advanced_gradient_angle=&#8221;0&#8243; gradient_direction=&#8221;left_to_right&#8221; overlay_strength=&#8221;0.3&#8243; width=&#8221;1\/1&#8243; tablet_width_inherit=&#8221;default&#8221; animation_type=&#8221;default&#8221; bg_image_animation=&#8221;none&#8221; border_type=&#8221;simple&#8221; column_border_width=&#8221;none&#8221; column_border_style=&#8221;solid&#8221; gradient_type=&#8221;default&#8221; column_padding_type=&#8221;default&#8221;][vc_column_text]    <div class=\"containertab\">\n        <div class=\"menuTab\">\n            <div class=\"Tabela\">\n                <div class=\"lineaOff Titular\">\n                    <span class=\"floor\">Planta<\/span>\n                    <span class=\"medio m1\">PL\u00c0NOL<\/span>\n                    <span class=\"medio\">RENDER<\/span>\n                    <span class=\"trenta\">DISPONIBILITAT<\/span>\n                <\/div>\n\n                                <div class=\"lineaOff Cinza\">\n                    <span class=\"floor\">Planta 08<p class=\"peque\"><br\/><\/p><\/span>\n                    <span class=\"medio m1\"> X <\/span>\n                    <span class=\"medio\"> X <\/span>\n                    <span class=\"trenta\">LLOGADA<\/span>\n                <\/div>\n\n                                <a href=\"#\" class=\"tab-link linea\" data-tab=\"tab2\">\n                    <span class=\"floor\">\n                        Planta 07\n                        <p class=\"peque\">1.651 m\u00b2<\/p>\n                    <\/span>\n                    <span class=\"medio m1\">\n                        <div class=\"openPopup\" data-fancybox data-src=\"https:\/\/monumentobarcelona.com\/wp-content\/uploads\/2026\/04\/CAT_MONUMENTO_Planta7.pdf\">\n                            <img loading=\"lazy\" decoding=\"async\" class=\"icon_view\" src=\"https:\/\/monumentobarcelona.com\/wp-content\/uploads\/2024\/05\/ViewPlan.svg\" alt=\"View\" width=\"53\" height=\"25\">\n                        <\/div>\n                    <\/span>\n                    <span class=\"medio\">\n                        <div class=\"openPopup\" data-fancybox data-src=\"https:\/\/monumentobarcelona.com\/wp-content\/uploads\/2024\/06\/render_6th.jpg\">\n                            <img loading=\"lazy\" decoding=\"async\" class=\"icon_view\" src=\"https:\/\/monumentobarcelona.com\/wp-content\/uploads\/2024\/05\/ViewPlan.svg\" alt=\"View\" width=\"53\" height=\"25\">\n                        <\/div>\n                    <\/span>\n                    <span class=\"trenta\">\n                        DISPONIBLE                        <p class=\"peque\">7A: 672,25 m\u00b2<\/p>\n                    <\/span>\n                <\/a>\n\n                                                    <div class=\"lineaOff Cinza\">\n                        <span class=\"floor\">Planta 06<p class=\"peque\"><br\/><\/p><\/span>\n                        <span class=\"medio m1\"> X <\/span>\n                        <span class=\"medio\"> X <\/span>\n                        <span class=\"trenta\">LLOGADA<\/span>\n                    <\/div>\n                                    <div class=\"lineaOff Cinza\">\n                        <span class=\"floor\">Planta 05<p class=\"peque\"><br\/><\/p><\/span>\n                        <span class=\"medio m1\"> X <\/span>\n                        <span class=\"medio\"> X <\/span>\n                        <span class=\"trenta\">LLOGADA<\/span>\n                    <\/div>\n                                    <div class=\"lineaOff Cinza\">\n                        <span class=\"floor\">Planta 04<p class=\"peque\"><br\/><\/p><\/span>\n                        <span class=\"medio m1\"> X <\/span>\n                        <span class=\"medio\"> X <\/span>\n                        <span class=\"trenta\">LLOGADA<\/span>\n                    <\/div>\n                                    <div class=\"lineaOff Cinza\">\n                        <span class=\"floor\">Planta 03<p class=\"peque\"><br\/><\/p><\/span>\n                        <span class=\"medio m1\"> X <\/span>\n                        <span class=\"medio\"> X <\/span>\n                        <span class=\"trenta\">LLOGADA<\/span>\n                    <\/div>\n                                    <div class=\"lineaOff Cinza\">\n                        <span class=\"floor\">Planta 02<p class=\"peque\"><br\/><\/p><\/span>\n                        <span class=\"medio m1\"> X <\/span>\n                        <span class=\"medio\"> X <\/span>\n                        <span class=\"trenta\">LLOGADA<\/span>\n                    <\/div>\n                                    <div class=\"lineaOff Cinza\">\n                        <span class=\"floor\">Planta 01<p class=\"peque\"><br\/><\/p><\/span>\n                        <span class=\"medio m1\"> X <\/span>\n                        <span class=\"medio\"> X <\/span>\n                        <span class=\"trenta\">LLOGADA<\/span>\n                    <\/div>\n                            <\/div>\n            <p class=\"rooftop\">Totes les plantes tenen acc\u00e9s a la terrassa.<\/p>\n        <\/div>\n\n        <div class=\"tabxx-content\">\n            <div id=\"tab2\" class=\"tabx-content\">\n                <img loading=\"lazy\" decoding=\"async\" src=\"https:\/\/monumentobarcelona.com\/wp-content\/uploads\/2026\/01\/7_Es-2.webp\" alt=\"\" width=\"1206\" height=\"1125\" \/>\n            <\/div>\n            <div id=\"tab0\" class=\"tabx-content active\">\n                <img loading=\"lazy\" decoding=\"async\" src=\"https:\/\/monumentobarcelona.com\/wp-content\/uploads\/2026\/01\/TODO_es-1.webp\" alt=\"\" width=\"1206\" height=\"1125\" \/>\n            <\/div>\n        <\/div>\n    <\/div>\n    [\/vc_column_text][\/vc_column][\/vc_row][vc_row type=&#8221;full_width_background&#8221; full_screen_row_position=&#8221;middle&#8221; column_margin=&#8221;default&#8221; column_direction=&#8221;default&#8221; column_direction_tablet=&#8221;default&#8221; column_direction_phone=&#8221;default&#8221; bg_color=&#8221;#ffffff&#8221; scene_position=&#8221;center&#8221; top_padding=&#8221;0&#8243; bottom_padding=&#8221;0&#8243; top_margin=&#8221;0&#8243; bottom_margin=&#8221;0&#8243; text_color=&#8221;dark&#8221; text_align=&#8221;center&#8221; row_border_radius=&#8221;none&#8221; row_border_radius_applies=&#8221;bg&#8221; overflow=&#8221;visible&#8221; class=&#8221;TopBottomSpace&#8221; overlay_strength=&#8221;0.3&#8243; gradient_direction=&#8221;left_to_right&#8221; shape_divider_position=&#8221;bottom&#8221; bg_image_animation=&#8221;none&#8221; shape_type=&#8221;&#8221; gradient_type=&#8221;default&#8221;][vc_column column_padding=&#8221;no-extra-padding&#8221; column_padding_tablet=&#8221;inherit&#8221; column_padding_phone=&#8221;inherit&#8221; column_padding_position=&#8221;all&#8221; column_element_direction_desktop=&#8221;default&#8221; column_element_spacing=&#8221;default&#8221; desktop_text_alignment=&#8221;default&#8221; tablet_text_alignment=&#8221;default&#8221; phone_text_alignment=&#8221;default&#8221; background_color_opacity=&#8221;1&#8243; background_hover_color_opacity=&#8221;1&#8243; column_backdrop_filter=&#8221;none&#8221; column_shadow=&#8221;none&#8221; column_border_radius=&#8221;none&#8221; column_link_target=&#8221;_self&#8221; column_position=&#8221;default&#8221; gradient_direction=&#8221;left_to_right&#8221; overlay_strength=&#8221;0.3&#8243; width=&#8221;1\/1&#8243; tablet_width_inherit=&#8221;default&#8221; animation_type=&#8221;default&#8221; enable_animation=&#8221;true&#8221; animation=&#8221;fade-in-from-bottom&#8221; animation_easing=&#8221;default&#8221; bg_image_animation=&#8221;none&#8221; border_type=&#8221;simple&#8221; column_border_width=&#8221;none&#8221; column_border_style=&#8221;solid&#8221; column_padding_type=&#8221;default&#8221; gradient_type=&#8221;default&#8221; delay=&#8221;200&#8243;][nectar_btn size=&#8221;large&#8221; button_style=&#8221;see-through&#8221; button_color_2=&#8221;Extra-Color-2&#8243; color_override=&#8221;#707070&#8243; icon_family=&#8221;none&#8221; text=&#8221;CONTACTA&#8217;NS&#8221; margin_top=&#8221;0&#8243; margin_bottom=&#8221;0&#8243; url=&#8221;https:\/\/monumentobarcelona.com\/ca\/contacte\/&#8221;][\/vc_column][\/vc_row]\n","protected":false},"excerpt":{"rendered":"<p>[vc_row type=&#8221;full_width_background&#8221; full_screen_row_position=&#8221;middle&#8221; column_margin=&#8221;default&#8221; column_direction=&#8221;default&#8221; column_direction_tablet=&#8221;default&#8221; column_direction_phone=&#8221;default&#8221; bg_color=&#8221;#ffffff&#8221; scene_position=&#8221;center&#8221; top_padding=&#8221;0&#8243; bottom_padding=&#8221;0&#8243; top_margin=&#8221;0&#8243; bottom_margin=&#8221;0&#8243; text_color=&#8221;dark&#8221; text_align=&#8221;center&#8221; row_border_radius=&#8221;none&#8221; row_border_radius_applies=&#8221;bg&#8221; overflow=&#8221;visible&#8221; class=&#8221;TopBottomSpace&#8221; overlay_strength=&#8221;0.3&#8243; gradient_direction=&#8221;left_to_right&#8221; shape_divider_position=&#8221;bottom&#8221; bg_image_animation=&#8221;none&#8221; shape_type=&#8221;&#8221; gradient_type=&#8221;default&#8221;][vc_column column_padding=&#8221;no-extra-padding&#8221; column_padding_tablet=&#8221;inherit&#8221; column_padding_phone=&#8221;inherit&#8221; column_padding_position=&#8221;all&#8221; column_element_direction_desktop=&#8221;default&#8221;&#8230;<\/p>\n","protected":false},"author":3,"featured_media":0,"parent":0,"menu_order":0,"comment_status":"closed","ping_status":"closed","template":"","meta":{"inline_featured_image":false,"footnotes":""},"class_list":["post-2784","page","type-page","status-publish"],"yoast_head":"<!-- This site is optimized with the Yoast SEO plugin v27.3 - https:\/\/yoast.com\/product\/yoast-seo-wordpress\/ -->\n<title>Disponibilitat d&#039;oficines | Monumento Barcelona<\/title>\n<meta name=\"description\" content=\"Consulta els \u00faltims espais d&#039;oficines disponibles a MONUMENTO. Plantes modernes i lluminoses al cor de l&#039;Eixample. Descarrega els pl\u00e0nols.\" \/>\n<meta name=\"robots\" content=\"index, follow, max-snippet:-1, max-image-preview:large, max-video-preview:-1\" \/>\n<link rel=\"canonical\" href=\"https:\/\/monumentobarcelona.com\/ca\/disponibilitat\/\" \/>\n<meta property=\"og:locale\" content=\"ca_ES\" \/>\n<meta property=\"og:type\" content=\"article\" \/>\n<meta property=\"og:title\" content=\"Disponibilitat d&#039;oficines | Monumento Barcelona\" \/>\n<meta property=\"og:description\" content=\"Consulta els \u00faltims espais d&#039;oficines disponibles a MONUMENTO. Plantes modernes i lluminoses al cor de l&#039;Eixample. Descarrega els pl\u00e0nols.\" \/>\n<meta property=\"og:url\" content=\"https:\/\/monumentobarcelona.com\/ca\/disponibilitat\/\" \/>\n<meta property=\"og:site_name\" content=\"Monumento Barcelona\" \/>\n<meta property=\"article:modified_time\" content=\"2026-04-13T11:22:20+00:00\" \/>\n<meta name=\"twitter:card\" content=\"summary_large_image\" \/>\n<meta name=\"twitter:label1\" content=\"Temps estimat de lectura\" \/>\n\t<meta name=\"twitter:data1\" content=\"2 minuts\" \/>\n<script type=\"application\/ld+json\" class=\"yoast-schema-graph\">{\"@context\":\"https:\\\/\\\/schema.org\",\"@graph\":[{\"@type\":\"WebPage\",\"@id\":\"https:\\\/\\\/monumentobarcelona.com\\\/ca\\\/disponibilitat\\\/\",\"url\":\"https:\\\/\\\/monumentobarcelona.com\\\/ca\\\/disponibilitat\\\/\",\"name\":\"Disponibilitat d'oficines | Monumento Barcelona\",\"isPartOf\":{\"@id\":\"https:\\\/\\\/monumentobarcelona.com\\\/ca\\\/#website\"},\"datePublished\":\"2024-05-11T17:19:35+00:00\",\"dateModified\":\"2026-04-13T11:22:20+00:00\",\"description\":\"Consulta els \u00faltims espais d'oficines disponibles a MONUMENTO. Plantes modernes i lluminoses al cor de l'Eixample. Descarrega els pl\u00e0nols.\",\"breadcrumb\":{\"@id\":\"https:\\\/\\\/monumentobarcelona.com\\\/ca\\\/disponibilitat\\\/#breadcrumb\"},\"inLanguage\":\"ca\",\"potentialAction\":[{\"@type\":\"ReadAction\",\"target\":[\"https:\\\/\\\/monumentobarcelona.com\\\/ca\\\/disponibilitat\\\/\"]}]},{\"@type\":\"BreadcrumbList\",\"@id\":\"https:\\\/\\\/monumentobarcelona.com\\\/ca\\\/disponibilitat\\\/#breadcrumb\",\"itemListElement\":[{\"@type\":\"ListItem\",\"position\":1,\"name\":\"Home\",\"item\":\"https:\\\/\\\/monumentobarcelona.com\\\/ca\\\/\"},{\"@type\":\"ListItem\",\"position\":2,\"name\":\"Disponibilitat\"}]},{\"@type\":\"WebSite\",\"@id\":\"https:\\\/\\\/monumentobarcelona.com\\\/ca\\\/#website\",\"url\":\"https:\\\/\\\/monumentobarcelona.com\\\/ca\\\/\",\"name\":\"Monumento Barcelona\",\"description\":\"\",\"potentialAction\":[{\"@type\":\"SearchAction\",\"target\":{\"@type\":\"EntryPoint\",\"urlTemplate\":\"https:\\\/\\\/monumentobarcelona.com\\\/ca\\\/?s={search_term_string}\"},\"query-input\":{\"@type\":\"PropertyValueSpecification\",\"valueRequired\":true,\"valueName\":\"search_term_string\"}}],\"inLanguage\":\"ca\"}]}<\/script>\n<!-- \/ Yoast SEO plugin. -->","yoast_head_json":{"title":"Disponibilitat d'oficines | Monumento Barcelona","description":"Consulta els \u00faltims espais d'oficines disponibles a MONUMENTO. Plantes modernes i lluminoses al cor de l'Eixample. Descarrega els pl\u00e0nols.","robots":{"index":"index","follow":"follow","max-snippet":"max-snippet:-1","max-image-preview":"max-image-preview:large","max-video-preview":"max-video-preview:-1"},"canonical":"https:\/\/monumentobarcelona.com\/ca\/disponibilitat\/","og_locale":"ca_ES","og_type":"article","og_title":"Disponibilitat d'oficines | Monumento Barcelona","og_description":"Consulta els \u00faltims espais d'oficines disponibles a MONUMENTO. Plantes modernes i lluminoses al cor de l'Eixample. Descarrega els pl\u00e0nols.","og_url":"https:\/\/monumentobarcelona.com\/ca\/disponibilitat\/","og_site_name":"Monumento Barcelona","article_modified_time":"2026-04-13T11:22:20+00:00","twitter_card":"summary_large_image","twitter_misc":{"Temps estimat de lectura":"2 minuts"},"schema":{"@context":"https:\/\/schema.org","@graph":[{"@type":"WebPage","@id":"https:\/\/monumentobarcelona.com\/ca\/disponibilitat\/","url":"https:\/\/monumentobarcelona.com\/ca\/disponibilitat\/","name":"Disponibilitat d'oficines | Monumento Barcelona","isPartOf":{"@id":"https:\/\/monumentobarcelona.com\/ca\/#website"},"datePublished":"2024-05-11T17:19:35+00:00","dateModified":"2026-04-13T11:22:20+00:00","description":"Consulta els \u00faltims espais d'oficines disponibles a MONUMENTO. Plantes modernes i lluminoses al cor de l'Eixample. Descarrega els pl\u00e0nols.","breadcrumb":{"@id":"https:\/\/monumentobarcelona.com\/ca\/disponibilitat\/#breadcrumb"},"inLanguage":"ca","potentialAction":[{"@type":"ReadAction","target":["https:\/\/monumentobarcelona.com\/ca\/disponibilitat\/"]}]},{"@type":"BreadcrumbList","@id":"https:\/\/monumentobarcelona.com\/ca\/disponibilitat\/#breadcrumb","itemListElement":[{"@type":"ListItem","position":1,"name":"Home","item":"https:\/\/monumentobarcelona.com\/ca\/"},{"@type":"ListItem","position":2,"name":"Disponibilitat"}]},{"@type":"WebSite","@id":"https:\/\/monumentobarcelona.com\/ca\/#website","url":"https:\/\/monumentobarcelona.com\/ca\/","name":"Monumento Barcelona","description":"","potentialAction":[{"@type":"SearchAction","target":{"@type":"EntryPoint","urlTemplate":"https:\/\/monumentobarcelona.com\/ca\/?s={search_term_string}"},"query-input":{"@type":"PropertyValueSpecification","valueRequired":true,"valueName":"search_term_string"}}],"inLanguage":"ca"}]}},"_links":{"self":[{"href":"https:\/\/monumentobarcelona.com\/ca\/wp-json\/wp\/v2\/pages\/2784","targetHints":{"allow":["GET"]}}],"collection":[{"href":"https:\/\/monumentobarcelona.com\/ca\/wp-json\/wp\/v2\/pages"}],"about":[{"href":"https:\/\/monumentobarcelona.com\/ca\/wp-json\/wp\/v2\/types\/page"}],"author":[{"embeddable":true,"href":"https:\/\/monumentobarcelona.com\/ca\/wp-json\/wp\/v2\/users\/3"}],"replies":[{"embeddable":true,"href":"https:\/\/monumentobarcelona.com\/ca\/wp-json\/wp\/v2\/comments?post=2784"}],"version-history":[{"count":7,"href":"https:\/\/monumentobarcelona.com\/ca\/wp-json\/wp\/v2\/pages\/2784\/revisions"}],"predecessor-version":[{"id":2899,"href":"https:\/\/monumentobarcelona.com\/ca\/wp-json\/wp\/v2\/pages\/2784\/revisions\/2899"}],"wp:attachment":[{"href":"https:\/\/monumentobarcelona.com\/ca\/wp-json\/wp\/v2\/media?parent=2784"}],"curies":[{"name":"wp","href":"https:\/\/api.w.org\/{rel}","templated":true}]}}